{"id":3779,"date":"2020-03-11T13:54:23","date_gmt":"2020-03-11T12:54:23","guid":{"rendered":"http:\/\/www.zina-shop.com\/?post_type=product&#038;p=3779"},"modified":"2022-09-02T19:26:30","modified_gmt":"2022-09-02T17:26:30","slug":"perles-a-ecraser-couleur-or-2mm-par-200","status":"publish","type":"product","link":"https:\/\/www.zina-shop.com\/index.php\/produit\/perles-a-ecraser-couleur-or-2mm-par-200\/","title":{"rendered":"Perles \u00e0 \u00e9craser couleur or 2mm &#8211; par 200"},"content":{"rendered":"<p>Perles \u00e0 \u00e9craser couleur or 2mm &#8211; par 200<\/p>\n","protected":false},"excerpt":{"rendered":"<div id=\"idTab1\" class=\"rte\">\n<p><strong>Perles \u00e0 \u00e9craser couleur or<br \/>\n<\/strong><\/p>\n<p>Diam\u00e8tre:\u00a02mm<\/p>\n<p>Longueur:\u00a01.2mm<\/p>\n<p>Trou:\u00a01.2mm<\/p>\n<p><em><span style=\"font\u00adsize: 10pt\u037e\u00a0color: #993366\u037e;\">Sachet\u00a0d&rsquo;environ\u00a0200\u00a0perles<\/span><br \/>\n<\/em><\/p>\n<\/div>\n","protected":false},"featured_media":3778,"comment_status":"open","ping_status":"closed","template":"","meta":{"sfsi_plus_gutenberg_text_before_share":"","sfsi_plus_gutenberg_show_text_before_share":"","sfsi_plus_gutenberg_icon_type":"","sfsi_plus_gutenberg_icon_alignemt":"","sfsi_plus_gutenburg_max_per_row":""},"product_cat":[130],"product_tag":[],"class_list":["post-3779","product","type-product","status-publish","has-post-thumbnail","hentry","product_cat-couleur-or-antique"],"jetpack_sharing_enabled":true,"_links":{"self":[{"href":"https:\/\/www.zina-shop.com\/index.php\/wp-json\/wp\/v2\/product\/3779","targetHints":{"allow":["GET"]}}],"collection":[{"href":"https:\/\/www.zina-shop.com\/index.php\/wp-json\/wp\/v2\/product"}],"about":[{"href":"https:\/\/www.zina-shop.com\/index.php\/wp-json\/wp\/v2\/types\/product"}],"replies":[{"embeddable":true,"href":"https:\/\/www.zina-shop.com\/index.php\/wp-json\/wp\/v2\/comments?post=3779"}],"wp:featuredmedia":[{"embeddable":true,"href":"https:\/\/www.zina-shop.com\/index.php\/wp-json\/wp\/v2\/media\/3778"}],"wp:attachment":[{"href":"https:\/\/www.zina-shop.com\/index.php\/wp-json\/wp\/v2\/media?parent=3779"}],"wp:term":[{"taxonomy":"product_cat","embeddable":true,"href":"https:\/\/www.zina-shop.com\/index.php\/wp-json\/wp\/v2\/product_cat?post=3779"},{"taxonomy":"product_tag","embeddable":true,"href":"https:\/\/www.zina-shop.com\/index.php\/wp-json\/wp\/v2\/product_tag?post=3779"}],"curies":[{"name":"wp","href":"https:\/\/api.w.org\/{rel}","templated":true}]}}