{"id":3729,"date":"2020-03-11T11:11:05","date_gmt":"2020-03-11T10:11:05","guid":{"rendered":"http:\/\/www.zina-shop.com\/?post_type=product&#038;p=3729"},"modified":"2022-04-04T18:36:11","modified_gmt":"2022-04-04T16:36:11","slug":"perles-a-ecraser-bronze-2mm-par-200","status":"publish","type":"product","link":"https:\/\/www.zina-shop.com\/index.php\/produit\/perles-a-ecraser-bronze-2mm-par-200\/","title":{"rendered":"Perles \u00e0 \u00e9craser bronze 2mm &#8211; par 200"},"content":{"rendered":"<p>Perles \u00e0 \u00e9craser bronze 2mm &#8211; par 200<\/p>\n","protected":false},"excerpt":{"rendered":"<div id=\"idTab1\" class=\"rte\">\n<p><strong>Perles\u00a0\u00e0\u00a0\u00e9craser\u00a0bronze<\/strong><\/p>\n<p>Diam\u00e8tre:\u00a02mm<\/p>\n<p>Longueur:\u00a01.2mm<\/p>\n<p>Trou:\u00a01.2mm<\/p>\n<p><em><span style=\"font\u00adsize: 10pt\u037e\u00a0color:\u00a0#993366\u037e;\">Sachet d&rsquo;environ 200 perles<\/span><\/em><\/p>\n<\/div>\n","protected":false},"featured_media":3730,"comment_status":"open","ping_status":"closed","template":"","meta":{"sfsi_plus_gutenberg_text_before_share":"","sfsi_plus_gutenberg_show_text_before_share":"","sfsi_plus_gutenberg_icon_type":"","sfsi_plus_gutenberg_icon_alignemt":"","sfsi_plus_gutenburg_max_per_row":""},"product_cat":[127],"product_tag":[],"class_list":["post-3729","product","type-product","status-publish","has-post-thumbnail","hentry","product_cat-couleur-bronze"],"jetpack_sharing_enabled":true,"_links":{"self":[{"href":"https:\/\/www.zina-shop.com\/index.php\/wp-json\/wp\/v2\/product\/3729","targetHints":{"allow":["GET"]}}],"collection":[{"href":"https:\/\/www.zina-shop.com\/index.php\/wp-json\/wp\/v2\/product"}],"about":[{"href":"https:\/\/www.zina-shop.com\/index.php\/wp-json\/wp\/v2\/types\/product"}],"replies":[{"embeddable":true,"href":"https:\/\/www.zina-shop.com\/index.php\/wp-json\/wp\/v2\/comments?post=3729"}],"wp:featuredmedia":[{"embeddable":true,"href":"https:\/\/www.zina-shop.com\/index.php\/wp-json\/wp\/v2\/media\/3730"}],"wp:attachment":[{"href":"https:\/\/www.zina-shop.com\/index.php\/wp-json\/wp\/v2\/media?parent=3729"}],"wp:term":[{"taxonomy":"product_cat","embeddable":true,"href":"https:\/\/www.zina-shop.com\/index.php\/wp-json\/wp\/v2\/product_cat?post=3729"},{"taxonomy":"product_tag","embeddable":true,"href":"https:\/\/www.zina-shop.com\/index.php\/wp-json\/wp\/v2\/product_tag?post=3729"}],"curies":[{"name":"wp","href":"https:\/\/api.w.org\/{rel}","templated":true}]}}