{"id":3713,"date":"2020-03-11T10:28:03","date_gmt":"2020-03-11T09:28:03","guid":{"rendered":"http:\/\/www.zina-shop.com\/?post_type=product&#038;p=3713"},"modified":"2022-01-14T16:33:45","modified_gmt":"2022-01-14T15:33:45","slug":"fil-rond-gold-non-tarnish-0-8mm-rouleau-par-13-metres","status":"publish","type":"product","link":"https:\/\/www.zina-shop.com\/index.php\/produit\/fil-rond-gold-non-tarnish-0-8mm-rouleau-par-13-metres\/","title":{"rendered":"Fil rond gold non tarnish 0.8mm Rouleau &#8211; par 13 m\u00e8tres"},"content":{"rendered":"<p>Fil rond gold non tarnish 0.8mm Rouleau &#8211; par 13 m\u00e8tres<\/p>\n","protected":false},"excerpt":{"rendered":"<p><strong>Fil\u00a0rond\u00a0\u00ad\u00a0Non\u00a0Tarnish\u00a0\u00ad\u00a00.8mm\u00a0Gauge\u00a020<\/strong><\/p>\n<p>Couleur:\u00a0Dor\u00e9\u00a0(Gold)<\/p>\n<p>Rouleau d&rsquo;environ 13m<\/p>\n<p>Fil de tr\u00e8s grande qualit\u00e9 qui ne ternis pas dans le temps, permettant de r\u00e9aliser toute sortes de projets\u037e collier crochet\u00e9s, crochet d&rsquo;oreilles, bracelets, bagues etc&#8230;<\/p>\n<p><span style=\"color: #008000\u037e;\">\u00a0<\/span><\/p>\n","protected":false},"featured_media":3715,"comment_status":"open","ping_status":"closed","template":"","meta":{"sfsi_plus_gutenberg_text_before_share":"","sfsi_plus_gutenberg_show_text_before_share":"","sfsi_plus_gutenberg_icon_type":"","sfsi_plus_gutenberg_icon_alignemt":"","sfsi_plus_gutenburg_max_per_row":""},"product_cat":[57],"product_tag":[],"class_list":["post-3713","product","type-product","status-publish","has-post-thumbnail","hentry","product_cat-non-tarnished"],"jetpack_sharing_enabled":true,"_links":{"self":[{"href":"https:\/\/www.zina-shop.com\/index.php\/wp-json\/wp\/v2\/product\/3713","targetHints":{"allow":["GET"]}}],"collection":[{"href":"https:\/\/www.zina-shop.com\/index.php\/wp-json\/wp\/v2\/product"}],"about":[{"href":"https:\/\/www.zina-shop.com\/index.php\/wp-json\/wp\/v2\/types\/product"}],"replies":[{"embeddable":true,"href":"https:\/\/www.zina-shop.com\/index.php\/wp-json\/wp\/v2\/comments?post=3713"}],"wp:featuredmedia":[{"embeddable":true,"href":"https:\/\/www.zina-shop.com\/index.php\/wp-json\/wp\/v2\/media\/3715"}],"wp:attachment":[{"href":"https:\/\/www.zina-shop.com\/index.php\/wp-json\/wp\/v2\/media?parent=3713"}],"wp:term":[{"taxonomy":"product_cat","embeddable":true,"href":"https:\/\/www.zina-shop.com\/index.php\/wp-json\/wp\/v2\/product_cat?post=3713"},{"taxonomy":"product_tag","embeddable":true,"href":"https:\/\/www.zina-shop.com\/index.php\/wp-json\/wp\/v2\/product_tag?post=3713"}],"curies":[{"name":"wp","href":"https:\/\/api.w.org\/{rel}","templated":true}]}}