{"id":3711,"date":"2020-03-11T10:20:17","date_gmt":"2020-03-11T09:20:17","guid":{"rendered":"http:\/\/www.zina-shop.com\/?post_type=product&#038;p=3711"},"modified":"2024-03-23T22:33:13","modified_gmt":"2024-03-23T21:33:13","slug":"fil-rond-argente-non-tarnish-1mm-rouleau-par-3-65-metres","status":"publish","type":"product","link":"https:\/\/www.zina-shop.com\/index.php\/produit\/fil-rond-argente-non-tarnish-1mm-rouleau-par-3-65-metres\/","title":{"rendered":"Fil rond argent\u00e9 non tarnish 1mm Rouleau &#8211; par 3.65 m\u00e8tres"},"content":{"rendered":"<p>Fil rond argent\u00e9 non tarnish 1mm Rouleau &#8211; par 3.65 m\u00e8tres<\/p>\n","protected":false},"excerpt":{"rendered":"<p><strong>Fil rond \u00ad Non Tarnish \u00ad 1mm Gauge 18<br \/>\n<\/strong><\/p>\n<p>Couleur: Argent\u00e9 (Silver)<\/p>\n<p>Rouleau d&rsquo;environ 3.65m<\/p>\n<p>Fil de tr\u00e8s grande qualit\u00e9 qui ne ternis pas dans le temps, permettant de r\u00e9aliser toute sortes de projets\u037e collier crochet\u00e9s, crochet d&rsquo;oreilles, bracelets, bagues etc&#8230;<\/p>\n<p><span style=\"color: #008000\u037e;\">Egalement disponible en 0.8mm (gauge 20)<\/span><\/p>\n","protected":false},"featured_media":3710,"comment_status":"open","ping_status":"closed","template":"","meta":{"sfsi_plus_gutenberg_text_before_share":"","sfsi_plus_gutenberg_show_text_before_share":"","sfsi_plus_gutenberg_icon_type":"","sfsi_plus_gutenberg_icon_alignemt":"","sfsi_plus_gutenburg_max_per_row":""},"product_cat":[57],"product_tag":[],"class_list":["post-3711","product","type-product","status-publish","has-post-thumbnail","hentry","product_cat-non-tarnished"],"jetpack_sharing_enabled":true,"_links":{"self":[{"href":"https:\/\/www.zina-shop.com\/index.php\/wp-json\/wp\/v2\/product\/3711","targetHints":{"allow":["GET"]}}],"collection":[{"href":"https:\/\/www.zina-shop.com\/index.php\/wp-json\/wp\/v2\/product"}],"about":[{"href":"https:\/\/www.zina-shop.com\/index.php\/wp-json\/wp\/v2\/types\/product"}],"replies":[{"embeddable":true,"href":"https:\/\/www.zina-shop.com\/index.php\/wp-json\/wp\/v2\/comments?post=3711"}],"wp:featuredmedia":[{"embeddable":true,"href":"https:\/\/www.zina-shop.com\/index.php\/wp-json\/wp\/v2\/media\/3710"}],"wp:attachment":[{"href":"https:\/\/www.zina-shop.com\/index.php\/wp-json\/wp\/v2\/media?parent=3711"}],"wp:term":[{"taxonomy":"product_cat","embeddable":true,"href":"https:\/\/www.zina-shop.com\/index.php\/wp-json\/wp\/v2\/product_cat?post=3711"},{"taxonomy":"product_tag","embeddable":true,"href":"https:\/\/www.zina-shop.com\/index.php\/wp-json\/wp\/v2\/product_tag?post=3711"}],"curies":[{"name":"wp","href":"https:\/\/api.w.org\/{rel}","templated":true}]}}