{"id":3641,"date":"2020-03-10T16:07:19","date_gmt":"2020-03-10T15:07:19","guid":{"rendered":"http:\/\/www.zina-shop.com\/?post_type=product&#038;p=3641"},"modified":"2022-01-14T16:28:05","modified_gmt":"2022-01-14T15:28:05","slug":"broche-acier-inox-14mm-par-5","status":"publish","type":"product","link":"https:\/\/www.zina-shop.com\/index.php\/produit\/broche-acier-inox-14mm-par-5\/","title":{"rendered":"Broche Acier inox 14mm &#8211; par 5"},"content":{"rendered":"<p>Broche Acier inox 14mm &#8211; par 5<\/p>\n","protected":false},"excerpt":{"rendered":"<p><strong>Broche\u00a0en\u00a0acier\u00a0inox<\/strong><\/p>\n<p>Longueur: 14x5x4<br \/>\nTige: 0.6mm<\/p>\n<p>Peut \u00eatre ins\u00e9r\u00e9e dans la p\u00e2te de bronze blanc et cuits ensembles<\/p>\n<p><span style=\"color: #800080\u037e;\"><em>\u00a0Vendu\u00a0par\u00a05<\/em><\/span><\/p>\n","protected":false},"featured_media":3645,"comment_status":"open","ping_status":"closed","template":"","meta":{"sfsi_plus_gutenberg_text_before_share":"","sfsi_plus_gutenberg_show_text_before_share":"","sfsi_plus_gutenberg_icon_type":"","sfsi_plus_gutenberg_icon_alignemt":"","sfsi_plus_gutenburg_max_per_row":""},"product_cat":[121],"product_tag":[],"class_list":["post-3641","product","type-product","status-publish","has-post-thumbnail","hentry","product_cat-broches-inox"],"jetpack_sharing_enabled":true,"_links":{"self":[{"href":"https:\/\/www.zina-shop.com\/index.php\/wp-json\/wp\/v2\/product\/3641","targetHints":{"allow":["GET"]}}],"collection":[{"href":"https:\/\/www.zina-shop.com\/index.php\/wp-json\/wp\/v2\/product"}],"about":[{"href":"https:\/\/www.zina-shop.com\/index.php\/wp-json\/wp\/v2\/types\/product"}],"replies":[{"embeddable":true,"href":"https:\/\/www.zina-shop.com\/index.php\/wp-json\/wp\/v2\/comments?post=3641"}],"wp:featuredmedia":[{"embeddable":true,"href":"https:\/\/www.zina-shop.com\/index.php\/wp-json\/wp\/v2\/media\/3645"}],"wp:attachment":[{"href":"https:\/\/www.zina-shop.com\/index.php\/wp-json\/wp\/v2\/media?parent=3641"}],"wp:term":[{"taxonomy":"product_cat","embeddable":true,"href":"https:\/\/www.zina-shop.com\/index.php\/wp-json\/wp\/v2\/product_cat?post=3641"},{"taxonomy":"product_tag","embeddable":true,"href":"https:\/\/www.zina-shop.com\/index.php\/wp-json\/wp\/v2\/product_tag?post=3641"}],"curies":[{"name":"wp","href":"https:\/\/api.w.org\/{rel}","templated":true}]}}