{"id":3599,"date":"2020-03-10T14:21:38","date_gmt":"2020-03-10T13:21:38","guid":{"rendered":"http:\/\/www.zina-shop.com\/?post_type=product&#038;p=3599"},"modified":"2025-03-26T13:10:16","modified_gmt":"2025-03-26T12:10:16","slug":"fermoirs-mousqueton-laiton-brillant-10mm-par-10","status":"publish","type":"product","link":"https:\/\/www.zina-shop.com\/index.php\/produit\/fermoirs-mousqueton-laiton-brillant-10mm-par-10\/","title":{"rendered":"Fermoirs mousqueton laiton brillant 10mm &#8211; par 10"},"content":{"rendered":"<p>Fermoirs mousqueton laiton brillant 10mm &#8211; par 10<\/p>\n","protected":false},"excerpt":{"rendered":"<p><strong>Fermoirs mousqueton laiton brillant \u00ad 10mm<\/strong><\/p>\n<p><em><span style=\"color: #800080\u037e;\">Vendu\u00a0par\u00a0sachet\u00a0de\u00a010\u00a0pi\u00e8ces<\/span><\/em><\/p>\n<p>La couleur des mousquetons en laiton se marie parfaitement avec le bronze dor\u00e9 des p\u00e2tes de m\u00e9taux.<\/p>\n","protected":false},"featured_media":3597,"comment_status":"open","ping_status":"closed","template":"","meta":{"sfsi_plus_gutenberg_text_before_share":"","sfsi_plus_gutenberg_show_text_before_share":"","sfsi_plus_gutenberg_icon_type":"","sfsi_plus_gutenberg_icon_alignemt":"","sfsi_plus_gutenburg_max_per_row":""},"product_cat":[114],"product_tag":[],"class_list":["post-3599","product","type-product","status-publish","has-post-thumbnail","hentry","product_cat-fermoirs-laiton"],"jetpack_sharing_enabled":true,"_links":{"self":[{"href":"https:\/\/www.zina-shop.com\/index.php\/wp-json\/wp\/v2\/product\/3599","targetHints":{"allow":["GET"]}}],"collection":[{"href":"https:\/\/www.zina-shop.com\/index.php\/wp-json\/wp\/v2\/product"}],"about":[{"href":"https:\/\/www.zina-shop.com\/index.php\/wp-json\/wp\/v2\/types\/product"}],"replies":[{"embeddable":true,"href":"https:\/\/www.zina-shop.com\/index.php\/wp-json\/wp\/v2\/comments?post=3599"}],"wp:featuredmedia":[{"embeddable":true,"href":"https:\/\/www.zina-shop.com\/index.php\/wp-json\/wp\/v2\/media\/3597"}],"wp:attachment":[{"href":"https:\/\/www.zina-shop.com\/index.php\/wp-json\/wp\/v2\/media?parent=3599"}],"wp:term":[{"taxonomy":"product_cat","embeddable":true,"href":"https:\/\/www.zina-shop.com\/index.php\/wp-json\/wp\/v2\/product_cat?post=3599"},{"taxonomy":"product_tag","embeddable":true,"href":"https:\/\/www.zina-shop.com\/index.php\/wp-json\/wp\/v2\/product_tag?post=3599"}],"curies":[{"name":"wp","href":"https:\/\/api.w.org\/{rel}","templated":true}]}}