{"id":3596,"date":"2020-03-10T14:21:17","date_gmt":"2020-03-10T13:21:17","guid":{"rendered":"http:\/\/www.zina-shop.com\/?post_type=product&#038;p=3596"},"modified":"2023-07-14T17:38:00","modified_gmt":"2023-07-14T15:38:00","slug":"fermoirs-mousqueton-laiton-10mm-par-10","status":"publish","type":"product","link":"https:\/\/www.zina-shop.com\/index.php\/produit\/fermoirs-mousqueton-laiton-10mm-par-10\/","title":{"rendered":"Fermoirs mousqueton laiton 10mm &#8211; par 10"},"content":{"rendered":"<p>Fermoirs mousqueton laiton 10mm &#8211; par 10<\/p>\n","protected":false},"excerpt":{"rendered":"<p><strong>Fermoirs\u00a0mousqueton\u00a0laiton\u00a0brut\u00a0\u00ad\u00a010mm<\/strong><\/p>\n<p><em><span style=\"color: #800080\u037e;\">Vendu\u00a0par\u00a0sachet\u00a0de\u00a010\u00a0pi\u00e8ces<\/span><\/em><\/p>\n<p>La couleur des mousquetons en laiton se marie parfaitement avec le bronze dor\u00e9 des p\u00e2tes de m\u00e9taux.<\/p>\n","protected":false},"featured_media":3598,"comment_status":"open","ping_status":"closed","template":"","meta":{"sfsi_plus_gutenberg_text_before_share":"","sfsi_plus_gutenberg_show_text_before_share":"","sfsi_plus_gutenberg_icon_type":"","sfsi_plus_gutenberg_icon_alignemt":"","sfsi_plus_gutenburg_max_per_row":""},"product_cat":[114],"product_tag":[],"class_list":["post-3596","product","type-product","status-publish","has-post-thumbnail","hentry","product_cat-fermoirs-laiton"],"jetpack_sharing_enabled":true,"_links":{"self":[{"href":"https:\/\/www.zina-shop.com\/index.php\/wp-json\/wp\/v2\/product\/3596","targetHints":{"allow":["GET"]}}],"collection":[{"href":"https:\/\/www.zina-shop.com\/index.php\/wp-json\/wp\/v2\/product"}],"about":[{"href":"https:\/\/www.zina-shop.com\/index.php\/wp-json\/wp\/v2\/types\/product"}],"replies":[{"embeddable":true,"href":"https:\/\/www.zina-shop.com\/index.php\/wp-json\/wp\/v2\/comments?post=3596"}],"wp:featuredmedia":[{"embeddable":true,"href":"https:\/\/www.zina-shop.com\/index.php\/wp-json\/wp\/v2\/media\/3598"}],"wp:attachment":[{"href":"https:\/\/www.zina-shop.com\/index.php\/wp-json\/wp\/v2\/media?parent=3596"}],"wp:term":[{"taxonomy":"product_cat","embeddable":true,"href":"https:\/\/www.zina-shop.com\/index.php\/wp-json\/wp\/v2\/product_cat?post=3596"},{"taxonomy":"product_tag","embeddable":true,"href":"https:\/\/www.zina-shop.com\/index.php\/wp-json\/wp\/v2\/product_tag?post=3596"}],"curies":[{"name":"wp","href":"https:\/\/api.w.org\/{rel}","templated":true}]}}