{"id":3586,"date":"2020-03-10T13:58:51","date_gmt":"2020-03-10T12:58:51","guid":{"rendered":"http:\/\/www.zina-shop.com\/?post_type=product&#038;p=3586"},"modified":"2022-02-08T06:53:32","modified_gmt":"2022-02-08T05:53:32","slug":"chaine-plaquage-laiton-bl-71-2-5mm-par-1m","status":"publish","type":"product","link":"https:\/\/www.zina-shop.com\/index.php\/produit\/chaine-plaquage-laiton-bl-71-2-5mm-par-1m\/","title":{"rendered":"Chaine plaquage laiton BL 7:1 2.5mm &#8211; par 1m"},"content":{"rendered":"<p>Chaine plaquage laiton BL 7:1 2.5mm &#8211; par 1m<\/p>\n","protected":false},"excerpt":{"rendered":"<p><strong>Chaine\u00a0BL\u00a07:1\u00a0\u00ad\u00a02.5mm<\/strong><\/p>\n<p>7 petits maillons, 1 grand maillon<br \/>\nCuivre plaquage couleur laiton<\/p>\n<p>Couleur laiton, \u00e9tudi\u00e9e exclusivement pour le Zina\u00adshoP afin de se combiner parfaitement avec le bronze dor\u00e9 des p\u00e2tes de m\u00e9taux<\/p>\n<p>Chaine de tr\u00e8s belle qualit\u00e9, tous les maillons sont soud\u00e9s, tr\u00e8s grande r\u00e9sistance.<\/p>\n<p><span style=\"color: #800080\u037e;\"><strong>Vendu\u00a0au\u00a0m\u00e8tre<\/strong><br \/>\n<\/span><\/p>\n","protected":false},"featured_media":3566,"comment_status":"open","ping_status":"closed","template":"","meta":{"sfsi_plus_gutenberg_text_before_share":"","sfsi_plus_gutenberg_show_text_before_share":"","sfsi_plus_gutenberg_icon_type":"","sfsi_plus_gutenberg_icon_alignemt":"","sfsi_plus_gutenburg_max_per_row":""},"product_cat":[115],"product_tag":[],"class_list":["post-3586","product","type-product","status-publish","has-post-thumbnail","hentry","product_cat-chaines-laiton"],"jetpack_sharing_enabled":true,"_links":{"self":[{"href":"https:\/\/www.zina-shop.com\/index.php\/wp-json\/wp\/v2\/product\/3586","targetHints":{"allow":["GET"]}}],"collection":[{"href":"https:\/\/www.zina-shop.com\/index.php\/wp-json\/wp\/v2\/product"}],"about":[{"href":"https:\/\/www.zina-shop.com\/index.php\/wp-json\/wp\/v2\/types\/product"}],"replies":[{"embeddable":true,"href":"https:\/\/www.zina-shop.com\/index.php\/wp-json\/wp\/v2\/comments?post=3586"}],"wp:featuredmedia":[{"embeddable":true,"href":"https:\/\/www.zina-shop.com\/index.php\/wp-json\/wp\/v2\/media\/3566"}],"wp:attachment":[{"href":"https:\/\/www.zina-shop.com\/index.php\/wp-json\/wp\/v2\/media?parent=3586"}],"wp:term":[{"taxonomy":"product_cat","embeddable":true,"href":"https:\/\/www.zina-shop.com\/index.php\/wp-json\/wp\/v2\/product_cat?post=3586"},{"taxonomy":"product_tag","embeddable":true,"href":"https:\/\/www.zina-shop.com\/index.php\/wp-json\/wp\/v2\/product_tag?post=3586"}],"curies":[{"name":"wp","href":"https:\/\/api.w.org\/{rel}","templated":true}]}}