{"id":3559,"date":"2020-03-10T13:14:44","date_gmt":"2020-03-10T12:14:44","guid":{"rendered":"http:\/\/www.zina-shop.com\/?post_type=product&#038;p=3559"},"modified":"2025-03-26T13:10:14","modified_gmt":"2025-03-26T12:10:14","slug":"bague-en-laiton-ajustable-3mm-par-10-bagues-2","status":"publish","type":"product","link":"https:\/\/www.zina-shop.com\/index.php\/produit\/bague-en-laiton-ajustable-3mm-par-10-bagues-2\/","title":{"rendered":"Bague en laiton ajustable 3mm par 10 bagues"},"content":{"rendered":"<p>Bague en laiton ajustable 3mm par 10 bagues<\/p>\n","protected":false},"excerpt":{"rendered":"<p><strong>Bagues\u00a0en\u00a0laiton\u00a0brut\u00a0ajustables<\/strong><\/p>\n<p>Diam\u00e8tre: 17 \u00e0 19mm<\/p>\n<p><em><span style=\"color: #800080\u037e;\">Vendu par sachet de 10 bagues<\/span><\/em><\/p>\n<p>Les bagues en laiton brut peuvent \u00eatre ins\u00e9r\u00e9s dans la p\u00e2te de bronze crue avant cuisson. A la sortie du four, un simple brossage et un l\u00e9ger pon\u00e7age sont suffisantS pour leur redonner leur couleur.<\/p>\n<p>La couleur du laiton se marie parfaitement avec le bronze des p\u00e2tes de m\u00e9taux.<\/p>\n","protected":false},"featured_media":3557,"comment_status":"open","ping_status":"closed","template":"","meta":{"sfsi_plus_gutenberg_text_before_share":"","sfsi_plus_gutenberg_show_text_before_share":"","sfsi_plus_gutenberg_icon_type":"","sfsi_plus_gutenberg_icon_alignemt":"","sfsi_plus_gutenburg_max_per_row":""},"product_cat":[117],"product_tag":[],"class_list":["post-3559","product","type-product","status-publish","has-post-thumbnail","hentry","product_cat-bagues-laiton"],"jetpack_sharing_enabled":true,"_links":{"self":[{"href":"https:\/\/www.zina-shop.com\/index.php\/wp-json\/wp\/v2\/product\/3559","targetHints":{"allow":["GET"]}}],"collection":[{"href":"https:\/\/www.zina-shop.com\/index.php\/wp-json\/wp\/v2\/product"}],"about":[{"href":"https:\/\/www.zina-shop.com\/index.php\/wp-json\/wp\/v2\/types\/product"}],"replies":[{"embeddable":true,"href":"https:\/\/www.zina-shop.com\/index.php\/wp-json\/wp\/v2\/comments?post=3559"}],"wp:featuredmedia":[{"embeddable":true,"href":"https:\/\/www.zina-shop.com\/index.php\/wp-json\/wp\/v2\/media\/3557"}],"wp:attachment":[{"href":"https:\/\/www.zina-shop.com\/index.php\/wp-json\/wp\/v2\/media?parent=3559"}],"wp:term":[{"taxonomy":"product_cat","embeddable":true,"href":"https:\/\/www.zina-shop.com\/index.php\/wp-json\/wp\/v2\/product_cat?post=3559"},{"taxonomy":"product_tag","embeddable":true,"href":"https:\/\/www.zina-shop.com\/index.php\/wp-json\/wp\/v2\/product_tag?post=3559"}],"curies":[{"name":"wp","href":"https:\/\/api.w.org\/{rel}","templated":true}]}}