{"id":3554,"date":"2020-03-10T12:56:57","date_gmt":"2020-03-10T11:56:57","guid":{"rendered":"http:\/\/www.zina-shop.com\/?post_type=product&#038;p=3554"},"modified":"2023-07-14T17:37:59","modified_gmt":"2023-07-14T15:37:59","slug":"connecteurs-doubles-9-4mm-par-50","status":"publish","type":"product","link":"https:\/\/www.zina-shop.com\/index.php\/produit\/connecteurs-doubles-9-4mm-par-50\/","title":{"rendered":"Connecteurs doubles 9* 4mm &#8211; Par 50"},"content":{"rendered":"<p>Connecteurs doubles 9* 4mm &#8211; Par 50<\/p>\n","protected":false},"excerpt":{"rendered":"<p><strong>Connecteurs\u00a0doubles\u00a0\u00ad\u00a0Laiton\u00a0dor\u00e9<\/strong><\/p>\n<p>Taille:\u00a09*4\u00a0mm<\/p>\n<p>Id\u00e9al pour associer les plaques d&rsquo;un bracelet entre\u00ads-elles<\/p>\n<p><em><span style=\"color: #800080\u037e;\">Vendu\u00a0par\u00a0sachet\u00a0de\u00a050<\/span><\/em><\/p>\n<p>La couleur des connecteurs en laiton se marie parfaitement avec le bronze dor\u00e9 des p\u00e2tes de m\u00e9taux.<\/p>\n","protected":false},"featured_media":3552,"comment_status":"open","ping_status":"closed","template":"","meta":{"sfsi_plus_gutenberg_text_before_share":"","sfsi_plus_gutenberg_show_text_before_share":"","sfsi_plus_gutenberg_icon_type":"","sfsi_plus_gutenberg_icon_alignemt":"","sfsi_plus_gutenburg_max_per_row":""},"product_cat":[118],"product_tag":[],"class_list":["post-3554","product","type-product","status-publish","has-post-thumbnail","hentry","product_cat-anneaux-laiton"],"jetpack_sharing_enabled":true,"_links":{"self":[{"href":"https:\/\/www.zina-shop.com\/index.php\/wp-json\/wp\/v2\/product\/3554","targetHints":{"allow":["GET"]}}],"collection":[{"href":"https:\/\/www.zina-shop.com\/index.php\/wp-json\/wp\/v2\/product"}],"about":[{"href":"https:\/\/www.zina-shop.com\/index.php\/wp-json\/wp\/v2\/types\/product"}],"replies":[{"embeddable":true,"href":"https:\/\/www.zina-shop.com\/index.php\/wp-json\/wp\/v2\/comments?post=3554"}],"wp:featuredmedia":[{"embeddable":true,"href":"https:\/\/www.zina-shop.com\/index.php\/wp-json\/wp\/v2\/media\/3552"}],"wp:attachment":[{"href":"https:\/\/www.zina-shop.com\/index.php\/wp-json\/wp\/v2\/media?parent=3554"}],"wp:term":[{"taxonomy":"product_cat","embeddable":true,"href":"https:\/\/www.zina-shop.com\/index.php\/wp-json\/wp\/v2\/product_cat?post=3554"},{"taxonomy":"product_tag","embeddable":true,"href":"https:\/\/www.zina-shop.com\/index.php\/wp-json\/wp\/v2\/product_tag?post=3554"}],"curies":[{"name":"wp","href":"https:\/\/api.w.org\/{rel}","templated":true}]}}