{"id":3418,"date":"2020-03-05T14:19:50","date_gmt":"2020-03-05T13:19:50","guid":{"rendered":"http:\/\/www.zina-shop.com\/?post_type=product&#038;p=3418"},"modified":"2022-08-04T11:24:15","modified_gmt":"2022-08-04T09:24:15","slug":"cabochon-deau-douce-semi-perce-blanc-4mm","status":"publish","type":"product","link":"https:\/\/www.zina-shop.com\/index.php\/produit\/cabochon-deau-douce-semi-perce-blanc-4mm\/","title":{"rendered":"Cabochon d&rsquo;eau douce semi perc\u00e9 Blanc 4mm"},"content":{"rendered":"<p>Cabochon d&rsquo;eau douce semi perc\u00e9 Blanc 4mm<\/p>\n","protected":false},"excerpt":{"rendered":"<div id=\"idTab1\" class=\"rte\">\n<p><strong>Cabochon d&rsquo;eau douce semi perc\u00e9e \u00ad Qualit\u00e9 grade AAA<\/strong><\/p>\n<p>Blanc\u00a0iris\u00e9<\/p>\n<p>Diam\u00e8tre: 4mm<\/p>\n<p>Hauteur: 3mm<\/p>\n<p><em><span style=\"color: #993366\u037e;\">Vend \u00e0 l&rsquo;unit\u00e9<br \/>\n<\/span><\/em><\/p>\n<p>Usage:\u00a0bagues,\u00a0boucles\u00a0d&rsquo;oreilles\u00a0etc&#8230;<\/p>\n<\/div>\n<p><span style=\"color: #800000\u037e;\">Les perles d&rsquo;eau douces sont des perles de culture, elles sont donc toutes uniques et peuvent pr\u00e9senter des<br \/>\nl\u00e9g\u00e8res variations de couleurs par rapport aux photos. Les dimensions des cabochons peuvent aussi varier l\u00e9g\u00e8rement en diam\u00e8tre et en hauteur<\/span><\/p>\n","protected":false},"featured_media":3419,"comment_status":"open","ping_status":"closed","template":"","meta":{"sfsi_plus_gutenberg_text_before_share":"","sfsi_plus_gutenberg_show_text_before_share":"","sfsi_plus_gutenberg_icon_type":"","sfsi_plus_gutenberg_icon_alignemt":"","sfsi_plus_gutenburg_max_per_row":""},"product_cat":[210],"product_tag":[],"class_list":["post-3418","product","type-product","status-publish","has-post-thumbnail","hentry","product_cat-cabochon-eau-douce-sp"],"jetpack_sharing_enabled":true,"_links":{"self":[{"href":"https:\/\/www.zina-shop.com\/index.php\/wp-json\/wp\/v2\/product\/3418","targetHints":{"allow":["GET"]}}],"collection":[{"href":"https:\/\/www.zina-shop.com\/index.php\/wp-json\/wp\/v2\/product"}],"about":[{"href":"https:\/\/www.zina-shop.com\/index.php\/wp-json\/wp\/v2\/types\/product"}],"replies":[{"embeddable":true,"href":"https:\/\/www.zina-shop.com\/index.php\/wp-json\/wp\/v2\/comments?post=3418"}],"wp:featuredmedia":[{"embeddable":true,"href":"https:\/\/www.zina-shop.com\/index.php\/wp-json\/wp\/v2\/media\/3419"}],"wp:attachment":[{"href":"https:\/\/www.zina-shop.com\/index.php\/wp-json\/wp\/v2\/media?parent=3418"}],"wp:term":[{"taxonomy":"product_cat","embeddable":true,"href":"https:\/\/www.zina-shop.com\/index.php\/wp-json\/wp\/v2\/product_cat?post=3418"},{"taxonomy":"product_tag","embeddable":true,"href":"https:\/\/www.zina-shop.com\/index.php\/wp-json\/wp\/v2\/product_tag?post=3418"}],"curies":[{"name":"wp","href":"https:\/\/api.w.org\/{rel}","templated":true}]}}