{"id":3269,"date":"2020-03-04T12:19:20","date_gmt":"2020-03-04T11:19:20","guid":{"rendered":"http:\/\/www.zina-shop.com\/?post_type=product&#038;p=3269"},"modified":"2022-09-20T18:16:04","modified_gmt":"2022-09-20T16:16:04","slug":"boucles-doreilles-argent-925-clous-papillon-11mm","status":"publish","type":"product","link":"https:\/\/www.zina-shop.com\/index.php\/produit\/boucles-doreilles-argent-925-clous-papillon-11mm\/","title":{"rendered":"Boucles d&rsquo;oreilles Argent 925 clous + papillon 11mm"},"content":{"rendered":"<p>Boucles d&rsquo;oreilles Argent 925 clous + papillon 11mm<\/p>\n","protected":false},"excerpt":{"rendered":"<p><strong>Boucles d&rsquo;oreilles clou en Argent Sterling 925<\/strong><\/p>\n<p>Papillon fourni<br \/>\nLongueur totale: 11mm<br \/>\nT\u00eate plateau: 2mm<\/p>\n<p>Id\u00e9al pour souder, peut aussi \u00eatre coll\u00e9<\/p>\n<p><em>Vendu \u00e0 la paire soit\u00a02\u00a0pi\u00e8ces<\/em><\/p>\n","protected":false},"featured_media":3270,"comment_status":"open","ping_status":"closed","template":"","meta":{"sfsi_plus_gutenberg_text_before_share":"","sfsi_plus_gutenberg_show_text_before_share":"","sfsi_plus_gutenberg_icon_type":"","sfsi_plus_gutenberg_icon_alignemt":"","sfsi_plus_gutenburg_max_per_row":""},"product_cat":[104],"product_tag":[],"class_list":["post-3269","product","type-product","status-publish","has-post-thumbnail","hentry","product_cat-boucles-doreilles-925"],"jetpack_sharing_enabled":true,"_links":{"self":[{"href":"https:\/\/www.zina-shop.com\/index.php\/wp-json\/wp\/v2\/product\/3269","targetHints":{"allow":["GET"]}}],"collection":[{"href":"https:\/\/www.zina-shop.com\/index.php\/wp-json\/wp\/v2\/product"}],"about":[{"href":"https:\/\/www.zina-shop.com\/index.php\/wp-json\/wp\/v2\/types\/product"}],"replies":[{"embeddable":true,"href":"https:\/\/www.zina-shop.com\/index.php\/wp-json\/wp\/v2\/comments?post=3269"}],"wp:featuredmedia":[{"embeddable":true,"href":"https:\/\/www.zina-shop.com\/index.php\/wp-json\/wp\/v2\/media\/3270"}],"wp:attachment":[{"href":"https:\/\/www.zina-shop.com\/index.php\/wp-json\/wp\/v2\/media?parent=3269"}],"wp:term":[{"taxonomy":"product_cat","embeddable":true,"href":"https:\/\/www.zina-shop.com\/index.php\/wp-json\/wp\/v2\/product_cat?post=3269"},{"taxonomy":"product_tag","embeddable":true,"href":"https:\/\/www.zina-shop.com\/index.php\/wp-json\/wp\/v2\/product_tag?post=3269"}],"curies":[{"name":"wp","href":"https:\/\/api.w.org\/{rel}","templated":true}]}}