{"id":3231,"date":"2020-03-04T11:01:47","date_gmt":"2020-03-04T10:01:47","guid":{"rendered":"http:\/\/www.zina-shop.com\/?post_type=product&#038;p=3231"},"modified":"2022-08-07T04:25:18","modified_gmt":"2022-08-07T02:25:18","slug":"sertissure-acier-inox-cabochon-8-mm-par-4","status":"publish","type":"product","link":"https:\/\/www.zina-shop.com\/index.php\/produit\/sertissure-acier-inox-cabochon-8-mm-par-4\/","title":{"rendered":"Sertissure acier inox Cabochon 8 mm &#8211; par 4"},"content":{"rendered":"<p>Sertissure acier inox Cabochon 8 mm &#8211; par 4<\/p>\n","protected":false},"excerpt":{"rendered":"<p><strong>Sertissure acier inox 304 \u00ad\u00a0 8mm<\/strong><\/p>\n<p>Hauteur:\u00a0\u00b1\u00a01.5\u00a0mm<\/p>\n<p><span style=\"color: #669933\u037e;\"><em>Vendu par sachet de 4 pi\u00e8ces<\/em><\/span><\/p>\n<p>Pour sertrir les cabochons de pierres gemmes de 8 mm<br \/>\nPeuvent \u00eatre ins\u00e9r\u00e9s dans les p\u00e2tes de bronze blanc avant cuisson.<br \/>\nLa couleur est celle du bronze blanc<\/p>\n<p><span style=\"color: #660099\u037e;\">Attention, les cabochons se clipsent dans le serti, ne pas sertir la pierre avant cuisson elle risque de ne plus pouvoir sortir. Pr\u00e9voir une pierre taill\u00e9e l\u00e9g\u00e8rement en dessous de la taille du serti.<\/span><\/p>\n","protected":false},"featured_media":3230,"comment_status":"open","ping_status":"closed","template":"","meta":{"sfsi_plus_gutenberg_text_before_share":"","sfsi_plus_gutenberg_show_text_before_share":"","sfsi_plus_gutenberg_icon_type":"","sfsi_plus_gutenberg_icon_alignemt":"","sfsi_plus_gutenburg_max_per_row":""},"product_cat":[101],"product_tag":[],"class_list":["post-3231","product","type-product","status-publish","has-post-thumbnail","hentry","product_cat-sertissures-acier-inox"],"jetpack_sharing_enabled":true,"_links":{"self":[{"href":"https:\/\/www.zina-shop.com\/index.php\/wp-json\/wp\/v2\/product\/3231","targetHints":{"allow":["GET"]}}],"collection":[{"href":"https:\/\/www.zina-shop.com\/index.php\/wp-json\/wp\/v2\/product"}],"about":[{"href":"https:\/\/www.zina-shop.com\/index.php\/wp-json\/wp\/v2\/types\/product"}],"replies":[{"embeddable":true,"href":"https:\/\/www.zina-shop.com\/index.php\/wp-json\/wp\/v2\/comments?post=3231"}],"wp:featuredmedia":[{"embeddable":true,"href":"https:\/\/www.zina-shop.com\/index.php\/wp-json\/wp\/v2\/media\/3230"}],"wp:attachment":[{"href":"https:\/\/www.zina-shop.com\/index.php\/wp-json\/wp\/v2\/media?parent=3231"}],"wp:term":[{"taxonomy":"product_cat","embeddable":true,"href":"https:\/\/www.zina-shop.com\/index.php\/wp-json\/wp\/v2\/product_cat?post=3231"},{"taxonomy":"product_tag","embeddable":true,"href":"https:\/\/www.zina-shop.com\/index.php\/wp-json\/wp\/v2\/product_tag?post=3231"}],"curies":[{"name":"wp","href":"https:\/\/api.w.org\/{rel}","templated":true}]}}