{"id":3220,"date":"2020-03-04T10:24:12","date_gmt":"2020-03-04T09:24:12","guid":{"rendered":"http:\/\/www.zina-shop.com\/?post_type=product&#038;p=3220"},"modified":"2022-02-10T18:54:09","modified_gmt":"2022-02-10T17:54:09","slug":"sertissure-laiton-cabochon-10-mm-par-10","status":"publish","type":"product","link":"https:\/\/www.zina-shop.com\/index.php\/produit\/sertissure-laiton-cabochon-10-mm-par-10\/","title":{"rendered":"Sertissure laiton Cabochon 10 mm- par 10"},"content":{"rendered":"<p>Sertissure laiton Cabochon 10 mm- par 10<\/p>\n","protected":false},"excerpt":{"rendered":"<p><strong>Sertissure\u00a0laiton\u00a0brut\u00a010mm<\/strong><br \/>\nHauteur: \u00b1 2.5 \u00ad 3 mm<\/p>\n<p><span style=\"color: #669933\u037e;\"><em>Vendu par sachet de 10 pi\u00e8ces<\/em><\/span><\/p>\n<p>Pour sertrir les cabochons de pierres gemmes de 10 mm<\/p>\n<p>Peuvent \u00eatre ins\u00e9r\u00e9s dans les p\u00e2tes de bronze avant cuisson.<br \/>\nLa couleur est celle du bronze dor\u00e9<\/p>\n<p><span style=\"color: #660099\u037e;\">Pour sertir ais\u00e9ment utilisez <\/span><span style=\"color: #660099\u037e;\">le brunissoir pointe rebourb\u00e9e!<\/span><\/p>\n","protected":false},"featured_media":3221,"comment_status":"open","ping_status":"closed","template":"","meta":{"sfsi_plus_gutenberg_text_before_share":"","sfsi_plus_gutenberg_show_text_before_share":"","sfsi_plus_gutenberg_icon_type":"","sfsi_plus_gutenberg_icon_alignemt":"","sfsi_plus_gutenburg_max_per_row":""},"product_cat":[100],"product_tag":[],"class_list":["post-3220","product","type-product","status-publish","has-post-thumbnail","hentry","product_cat-sertissures-laiton"],"jetpack_sharing_enabled":true,"_links":{"self":[{"href":"https:\/\/www.zina-shop.com\/index.php\/wp-json\/wp\/v2\/product\/3220","targetHints":{"allow":["GET"]}}],"collection":[{"href":"https:\/\/www.zina-shop.com\/index.php\/wp-json\/wp\/v2\/product"}],"about":[{"href":"https:\/\/www.zina-shop.com\/index.php\/wp-json\/wp\/v2\/types\/product"}],"replies":[{"embeddable":true,"href":"https:\/\/www.zina-shop.com\/index.php\/wp-json\/wp\/v2\/comments?post=3220"}],"wp:featuredmedia":[{"embeddable":true,"href":"https:\/\/www.zina-shop.com\/index.php\/wp-json\/wp\/v2\/media\/3221"}],"wp:attachment":[{"href":"https:\/\/www.zina-shop.com\/index.php\/wp-json\/wp\/v2\/media?parent=3220"}],"wp:term":[{"taxonomy":"product_cat","embeddable":true,"href":"https:\/\/www.zina-shop.com\/index.php\/wp-json\/wp\/v2\/product_cat?post=3220"},{"taxonomy":"product_tag","embeddable":true,"href":"https:\/\/www.zina-shop.com\/index.php\/wp-json\/wp\/v2\/product_tag?post=3220"}],"curies":[{"name":"wp","href":"https:\/\/api.w.org\/{rel}","templated":true}]}}