{"id":3209,"date":"2020-03-04T09:58:27","date_gmt":"2020-03-04T08:58:27","guid":{"rendered":"http:\/\/www.zina-shop.com\/?post_type=product&#038;p=3209"},"modified":"2021-04-13T10:50:34","modified_gmt":"2021-04-13T08:50:34","slug":"fil-deco-laiton-pour-sertissures-modele-4","status":"publish","type":"product","link":"https:\/\/www.zina-shop.com\/index.php\/produit\/fil-deco-laiton-pour-sertissures-modele-4\/","title":{"rendered":"Fil d\u00e9co laiton pour sertissures Mod\u00e8le 4"},"content":{"rendered":"<p>Fil d\u00e9co laiton pour sertissures Mod\u00e8le 4<\/p>\n","protected":false},"excerpt":{"rendered":"<p><strong>Fil\u00a0laiton\u00a0d\u00e9coratif\u00a0\u00ad\u00a0Mod\u00e8le\u00a04<\/strong><br \/>\nHauteur:\u00a04mm<\/p>\n<p>Pour le sertissage de pierres et cabochons.<br \/>\nPeut \u00eatre ins\u00e9r\u00e9 dans la p\u00e2te de bronze crue et cuit au four.<br \/>\nLa couleur est celle du bronze dor\u00e9<\/p>\n<p><em>\u00a0<span style=\"color: #800080\u037e;\">Vendu\u00a0par\u00a0sachet\u00a0d&rsquo;environ\u00a015\u00a0cm<\/span><\/em><\/p>\n<p><a href=\"https:\/\/www.youtube.com\/watch?v=_lMvjB0VX0w\"><span style=\"color: #669933\u037e;\">Tutoriel de SabineAlienor sur la soudure d&rsquo;un serti<\/span><\/a><\/p>\n","protected":false},"featured_media":3210,"comment_status":"open","ping_status":"closed","template":"","meta":{"sfsi_plus_gutenberg_text_before_share":"","sfsi_plus_gutenberg_show_text_before_share":"","sfsi_plus_gutenberg_icon_type":"","sfsi_plus_gutenberg_icon_alignemt":"","sfsi_plus_gutenburg_max_per_row":""},"product_cat":[99],"product_tag":[],"class_list":["post-3209","product","type-product","status-publish","has-post-thumbnail","hentry","product_cat-fils-deco-laiton-et-cuivre"],"jetpack_sharing_enabled":true,"_links":{"self":[{"href":"https:\/\/www.zina-shop.com\/index.php\/wp-json\/wp\/v2\/product\/3209","targetHints":{"allow":["GET"]}}],"collection":[{"href":"https:\/\/www.zina-shop.com\/index.php\/wp-json\/wp\/v2\/product"}],"about":[{"href":"https:\/\/www.zina-shop.com\/index.php\/wp-json\/wp\/v2\/types\/product"}],"replies":[{"embeddable":true,"href":"https:\/\/www.zina-shop.com\/index.php\/wp-json\/wp\/v2\/comments?post=3209"}],"wp:featuredmedia":[{"embeddable":true,"href":"https:\/\/www.zina-shop.com\/index.php\/wp-json\/wp\/v2\/media\/3210"}],"wp:attachment":[{"href":"https:\/\/www.zina-shop.com\/index.php\/wp-json\/wp\/v2\/media?parent=3209"}],"wp:term":[{"taxonomy":"product_cat","embeddable":true,"href":"https:\/\/www.zina-shop.com\/index.php\/wp-json\/wp\/v2\/product_cat?post=3209"},{"taxonomy":"product_tag","embeddable":true,"href":"https:\/\/www.zina-shop.com\/index.php\/wp-json\/wp\/v2\/product_tag?post=3209"}],"curies":[{"name":"wp","href":"https:\/\/api.w.org\/{rel}","templated":true}]}}