{"id":3184,"date":"2020-03-03T11:13:13","date_gmt":"2020-03-03T10:13:13","guid":{"rendered":"http:\/\/www.zina-shop.com\/?post_type=product&#038;p=3184"},"modified":"2024-11-09T06:13:33","modified_gmt":"2024-11-09T05:13:33","slug":"serti-rond-luxe-4-dents-4mm-cuivre-veritable-x1","status":"publish","type":"product","link":"https:\/\/www.zina-shop.com\/index.php\/produit\/serti-rond-luxe-4-dents-4mm-cuivre-veritable-x1\/","title":{"rendered":"Serti rond luxe 4 dents 4mm cuivre v\u00e9ritable x1"},"content":{"rendered":"<p>Serti rond luxe 4 dents 4mm cuivre v\u00e9ritable x1<\/p>\n","protected":false},"excerpt":{"rendered":"<p><strong>Serti rond luxe en Cuivre V\u00e9ritable \u00ad 4mm<\/strong><\/p>\n<p>4 dents<\/p>\n<p>Belle qualit\u00e9, belle finitions<\/p>\n<p>Peut \u00eatre ins\u00e9r\u00e9 dans la p\u00e2te de cuivre crue et cuits ensembles.<\/p>\n<p>Compatible aves les pierres de lab rondes 4mm<\/p>\n<p><em><span style=\"color: #993366\u037e;\">Vendu\u00a0\u00e0\u00a0l&rsquo;unit\u00e9<\/span><\/em><\/p>\n","protected":false},"featured_media":3182,"comment_status":"open","ping_status":"closed","template":"","meta":{"sfsi_plus_gutenberg_text_before_share":"","sfsi_plus_gutenberg_show_text_before_share":"","sfsi_plus_gutenberg_icon_type":"","sfsi_plus_gutenberg_icon_alignemt":"","sfsi_plus_gutenburg_max_per_row":""},"product_cat":[98],"product_tag":[],"class_list":["post-3184","product","type-product","status-publish","has-post-thumbnail","hentry","product_cat-apprets-cuivre-veritable"],"jetpack_sharing_enabled":true,"_links":{"self":[{"href":"https:\/\/www.zina-shop.com\/index.php\/wp-json\/wp\/v2\/product\/3184","targetHints":{"allow":["GET"]}}],"collection":[{"href":"https:\/\/www.zina-shop.com\/index.php\/wp-json\/wp\/v2\/product"}],"about":[{"href":"https:\/\/www.zina-shop.com\/index.php\/wp-json\/wp\/v2\/types\/product"}],"replies":[{"embeddable":true,"href":"https:\/\/www.zina-shop.com\/index.php\/wp-json\/wp\/v2\/comments?post=3184"}],"wp:featuredmedia":[{"embeddable":true,"href":"https:\/\/www.zina-shop.com\/index.php\/wp-json\/wp\/v2\/media\/3182"}],"wp:attachment":[{"href":"https:\/\/www.zina-shop.com\/index.php\/wp-json\/wp\/v2\/media?parent=3184"}],"wp:term":[{"taxonomy":"product_cat","embeddable":true,"href":"https:\/\/www.zina-shop.com\/index.php\/wp-json\/wp\/v2\/product_cat?post=3184"},{"taxonomy":"product_tag","embeddable":true,"href":"https:\/\/www.zina-shop.com\/index.php\/wp-json\/wp\/v2\/product_tag?post=3184"}],"curies":[{"name":"wp","href":"https:\/\/api.w.org\/{rel}","templated":true}]}}