{"id":3175,"date":"2020-03-03T10:59:09","date_gmt":"2020-03-03T09:59:09","guid":{"rendered":"http:\/\/www.zina-shop.com\/?post_type=product&#038;p=3175"},"modified":"2021-04-13T12:45:10","modified_gmt":"2021-04-13T10:45:10","slug":"serti-rond-luxe-4-dents-3mm-bronze-veritable-x1","status":"publish","type":"product","link":"https:\/\/www.zina-shop.com\/index.php\/produit\/serti-rond-luxe-4-dents-3mm-bronze-veritable-x1\/","title":{"rendered":"Serti rond luxe 4 dents 3mm bronze v\u00e9ritable x1"},"content":{"rendered":"<p>Serti rond luxe 4 dents 3mm bronze v\u00e9ritable x1<\/p>\n","protected":false},"excerpt":{"rendered":"<p><strong>Serti\u00a0rond\u00a0luxe\u00a0en\u00a0Bronze\u00a0V\u00e9ritable\u00a0\u00ad\u00a03mm<\/strong><\/p>\n<p>4 dents<\/p>\n<p>Belle qualit\u00e9, belle finitions<\/p>\n<p>Peut \u00eatre ins\u00e9r\u00e9 dans la p\u00e2te de bronze crue et cuits ensembles.<\/p>\n<p>Compatible aves les pierres de lab rondes 3mm<\/p>\n<p><em><span style=\"color: #993366\u037e;\">Vendu\u00a0\u00e0\u00a0l&rsquo;unit\u00e9<\/span><\/em><\/p>\n","protected":false},"featured_media":3176,"comment_status":"open","ping_status":"closed","template":"","meta":{"sfsi_plus_gutenberg_text_before_share":"","sfsi_plus_gutenberg_show_text_before_share":"","sfsi_plus_gutenberg_icon_type":"","sfsi_plus_gutenberg_icon_alignemt":"","sfsi_plus_gutenburg_max_per_row":""},"product_cat":[97],"product_tag":[],"class_list":["post-3175","product","type-product","status-publish","has-post-thumbnail","hentry","product_cat-apprets-bronze-veritable"],"jetpack_sharing_enabled":true,"_links":{"self":[{"href":"https:\/\/www.zina-shop.com\/index.php\/wp-json\/wp\/v2\/product\/3175","targetHints":{"allow":["GET"]}}],"collection":[{"href":"https:\/\/www.zina-shop.com\/index.php\/wp-json\/wp\/v2\/product"}],"about":[{"href":"https:\/\/www.zina-shop.com\/index.php\/wp-json\/wp\/v2\/types\/product"}],"replies":[{"embeddable":true,"href":"https:\/\/www.zina-shop.com\/index.php\/wp-json\/wp\/v2\/comments?post=3175"}],"wp:featuredmedia":[{"embeddable":true,"href":"https:\/\/www.zina-shop.com\/index.php\/wp-json\/wp\/v2\/media\/3176"}],"wp:attachment":[{"href":"https:\/\/www.zina-shop.com\/index.php\/wp-json\/wp\/v2\/media?parent=3175"}],"wp:term":[{"taxonomy":"product_cat","embeddable":true,"href":"https:\/\/www.zina-shop.com\/index.php\/wp-json\/wp\/v2\/product_cat?post=3175"},{"taxonomy":"product_tag","embeddable":true,"href":"https:\/\/www.zina-shop.com\/index.php\/wp-json\/wp\/v2\/product_tag?post=3175"}],"curies":[{"name":"wp","href":"https:\/\/api.w.org\/{rel}","templated":true}]}}