{"id":3162,"date":"2020-03-03T10:28:04","date_gmt":"2020-03-03T09:28:04","guid":{"rendered":"http:\/\/www.zina-shop.com\/?post_type=product&#038;p=3162"},"modified":"2024-11-09T06:13:34","modified_gmt":"2024-11-09T05:13:34","slug":"serti-rond-6-dents-3-5mm-bronze-veritable-par-5","status":"publish","type":"product","link":"https:\/\/www.zina-shop.com\/index.php\/produit\/serti-rond-6-dents-3-5mm-bronze-veritable-par-5\/","title":{"rendered":"Serti rond 6 dents 3.5mm bronze v\u00e9ritable Par 5"},"content":{"rendered":"<p>Serti rond 6 dents 3.5mm bronze v\u00e9ritable Par 5<\/p>\n","protected":false},"excerpt":{"rendered":"<p><strong>Serti\u00a0rond\u00a0en\u00a0Bronze\u00a0V\u00e9ritable\u00a0\u00ad\u00a03.5mm<\/strong><br \/>\n<strong>\u00a0<\/strong><br \/>\n6 dents<\/p>\n<p>Peut \u00eatre ins\u00e9r\u00e9 dans la p\u00e2te de bronze crue et cuits ensembles.<\/p>\n<p>Compatible aves les pierres de lab ronds 4mm<\/p>\n<p><em>\u00a0Vendu\u00a0par\u00a0sachet\u00a0de\u00a05\u00a0pi\u00e8ces<\/em><\/p>\n","protected":false},"featured_media":3163,"comment_status":"open","ping_status":"closed","template":"","meta":{"sfsi_plus_gutenberg_text_before_share":"","sfsi_plus_gutenberg_show_text_before_share":"","sfsi_plus_gutenberg_icon_type":"","sfsi_plus_gutenberg_icon_alignemt":"","sfsi_plus_gutenburg_max_per_row":""},"product_cat":[97],"product_tag":[],"class_list":["post-3162","product","type-product","status-publish","has-post-thumbnail","hentry","product_cat-apprets-bronze-veritable"],"jetpack_sharing_enabled":true,"_links":{"self":[{"href":"https:\/\/www.zina-shop.com\/index.php\/wp-json\/wp\/v2\/product\/3162","targetHints":{"allow":["GET"]}}],"collection":[{"href":"https:\/\/www.zina-shop.com\/index.php\/wp-json\/wp\/v2\/product"}],"about":[{"href":"https:\/\/www.zina-shop.com\/index.php\/wp-json\/wp\/v2\/types\/product"}],"replies":[{"embeddable":true,"href":"https:\/\/www.zina-shop.com\/index.php\/wp-json\/wp\/v2\/comments?post=3162"}],"wp:featuredmedia":[{"embeddable":true,"href":"https:\/\/www.zina-shop.com\/index.php\/wp-json\/wp\/v2\/media\/3163"}],"wp:attachment":[{"href":"https:\/\/www.zina-shop.com\/index.php\/wp-json\/wp\/v2\/media?parent=3162"}],"wp:term":[{"taxonomy":"product_cat","embeddable":true,"href":"https:\/\/www.zina-shop.com\/index.php\/wp-json\/wp\/v2\/product_cat?post=3162"},{"taxonomy":"product_tag","embeddable":true,"href":"https:\/\/www.zina-shop.com\/index.php\/wp-json\/wp\/v2\/product_tag?post=3162"}],"curies":[{"name":"wp","href":"https:\/\/api.w.org\/{rel}","templated":true}]}}