{"id":3158,"date":"2020-03-03T10:17:17","date_gmt":"2020-03-03T09:17:17","guid":{"rendered":"http:\/\/www.zina-shop.com\/?post_type=product&#038;p=3158"},"modified":"2024-11-09T06:13:34","modified_gmt":"2024-11-09T05:13:34","slug":"serti-marquise-4-dents-4x8mm-bronze-veritable-par-5","status":"publish","type":"product","link":"https:\/\/www.zina-shop.com\/index.php\/produit\/serti-marquise-4-dents-4x8mm-bronze-veritable-par-5\/","title":{"rendered":"Serti marquise 4 dents 4x8mm bronze v\u00e9ritable Par 5"},"content":{"rendered":"<p>Serti marquise 4 dents 4x8mm bronze v\u00e9ritable Par 5<\/p>\n","protected":false},"excerpt":{"rendered":"<p><strong>Serti\u00a0marquise\u00a0en\u00a0Bronze\u00a0V\u00e9ritable\u00a0\u00ad\u00a04x8mm<\/strong><\/p>\n<p>4 dents<br \/>\nPeut \u00eatre ins\u00e9r\u00e9 dans la p\u00e2te de bronze crue et cuits ensembles.<\/p>\n<p>Compatible aves les pierres de laboratoire marquise 4x8mm<\/p>\n<p><em>\u00a0Vendu par sachet de 5 pi\u00e8ces<\/em><\/p>\n","protected":false},"featured_media":3159,"comment_status":"open","ping_status":"closed","template":"","meta":{"sfsi_plus_gutenberg_text_before_share":"","sfsi_plus_gutenberg_show_text_before_share":"","sfsi_plus_gutenberg_icon_type":"","sfsi_plus_gutenberg_icon_alignemt":"","sfsi_plus_gutenburg_max_per_row":""},"product_cat":[97],"product_tag":[],"class_list":["post-3158","product","type-product","status-publish","has-post-thumbnail","hentry","product_cat-apprets-bronze-veritable"],"jetpack_sharing_enabled":true,"_links":{"self":[{"href":"https:\/\/www.zina-shop.com\/index.php\/wp-json\/wp\/v2\/product\/3158","targetHints":{"allow":["GET"]}}],"collection":[{"href":"https:\/\/www.zina-shop.com\/index.php\/wp-json\/wp\/v2\/product"}],"about":[{"href":"https:\/\/www.zina-shop.com\/index.php\/wp-json\/wp\/v2\/types\/product"}],"replies":[{"embeddable":true,"href":"https:\/\/www.zina-shop.com\/index.php\/wp-json\/wp\/v2\/comments?post=3158"}],"wp:featuredmedia":[{"embeddable":true,"href":"https:\/\/www.zina-shop.com\/index.php\/wp-json\/wp\/v2\/media\/3159"}],"wp:attachment":[{"href":"https:\/\/www.zina-shop.com\/index.php\/wp-json\/wp\/v2\/media?parent=3158"}],"wp:term":[{"taxonomy":"product_cat","embeddable":true,"href":"https:\/\/www.zina-shop.com\/index.php\/wp-json\/wp\/v2\/product_cat?post=3158"},{"taxonomy":"product_tag","embeddable":true,"href":"https:\/\/www.zina-shop.com\/index.php\/wp-json\/wp\/v2\/product_tag?post=3158"}],"curies":[{"name":"wp","href":"https:\/\/api.w.org\/{rel}","templated":true}]}}