{"id":3155,"date":"2020-03-03T09:45:32","date_gmt":"2020-03-03T08:45:32","guid":{"rendered":"http:\/\/www.zina-shop.com\/?post_type=product&#038;p=3155"},"modified":"2020-08-31T10:47:02","modified_gmt":"2020-08-31T08:47:02","slug":"fil-rond-bronze-veritable-0-8mm-pqt-5-metres","status":"publish","type":"product","link":"https:\/\/www.zina-shop.com\/index.php\/produit\/fil-rond-bronze-veritable-0-8mm-pqt-5-metres\/","title":{"rendered":"Fil rond Bronze v\u00e9ritable 0.8mm Pqt 5 m\u00e8tres"},"content":{"rendered":"<p>Fil rond Bronze v\u00e9ritable 0.8mm Pqt 5 m\u00e8tres<\/p>\n","protected":false},"excerpt":{"rendered":"<p><strong>Fil\u00a0rond\u00a0Bronze\u00a0v\u00e9ritable<\/strong><\/p>\n<p>Diam\u00e8tre:\u00a00.8mm<\/p>\n<p>Peut \u00eatre ins\u00e9r\u00e9 dans la p\u00e2te de bronze crue et cuit ensemble.<\/p>\n<p><em>\u00a0Vendu\u00a0par\u00a0paquet\u00a0de\u00a05\u00a0m\u00e8tres<\/em><\/p>\n","protected":false},"featured_media":3156,"comment_status":"open","ping_status":"closed","template":"","meta":{"sfsi_plus_gutenberg_text_before_share":"","sfsi_plus_gutenberg_show_text_before_share":"","sfsi_plus_gutenberg_icon_type":"","sfsi_plus_gutenberg_icon_alignemt":"","sfsi_plus_gutenburg_max_per_row":""},"product_cat":[97],"product_tag":[],"class_list":["post-3155","product","type-product","status-publish","has-post-thumbnail","hentry","product_cat-apprets-bronze-veritable"],"jetpack_sharing_enabled":true,"_links":{"self":[{"href":"https:\/\/www.zina-shop.com\/index.php\/wp-json\/wp\/v2\/product\/3155","targetHints":{"allow":["GET"]}}],"collection":[{"href":"https:\/\/www.zina-shop.com\/index.php\/wp-json\/wp\/v2\/product"}],"about":[{"href":"https:\/\/www.zina-shop.com\/index.php\/wp-json\/wp\/v2\/types\/product"}],"replies":[{"embeddable":true,"href":"https:\/\/www.zina-shop.com\/index.php\/wp-json\/wp\/v2\/comments?post=3155"}],"wp:featuredmedia":[{"embeddable":true,"href":"https:\/\/www.zina-shop.com\/index.php\/wp-json\/wp\/v2\/media\/3156"}],"wp:attachment":[{"href":"https:\/\/www.zina-shop.com\/index.php\/wp-json\/wp\/v2\/media?parent=3155"}],"wp:term":[{"taxonomy":"product_cat","embeddable":true,"href":"https:\/\/www.zina-shop.com\/index.php\/wp-json\/wp\/v2\/product_cat?post=3155"},{"taxonomy":"product_tag","embeddable":true,"href":"https:\/\/www.zina-shop.com\/index.php\/wp-json\/wp\/v2\/product_tag?post=3155"}],"curies":[{"name":"wp","href":"https:\/\/api.w.org\/{rel}","templated":true}]}}