{"id":3151,"date":"2020-03-03T09:34:27","date_gmt":"2020-03-03T08:34:27","guid":{"rendered":"http:\/\/www.zina-shop.com\/?post_type=product&#038;p=3151"},"modified":"2021-11-07T19:10:20","modified_gmt":"2021-11-07T18:10:20","slug":"oeillet-bronze-veritable-grand-modele-par-5","status":"publish","type":"product","link":"https:\/\/www.zina-shop.com\/index.php\/produit\/oeillet-bronze-veritable-grand-modele-par-5\/","title":{"rendered":"Oeillet bronze v\u00e9ritable Grand mod\u00e8le Par 5"},"content":{"rendered":"<p>Oeillet bronze v\u00e9ritable Grand mod\u00e8le Par 5<\/p>\n","protected":false},"excerpt":{"rendered":"<p><strong>Oeillet\u00a0Bronze\u00a0V\u00e9ritable<\/strong><br \/>\nGrand mod\u00e8le<\/p>\n<p>Peut\u00a0\u00eatre\u00a0ins\u00e9r\u00e9\u00a0dans\u00a0la\u00a0p\u00e2te\u00a0de\u00a0bronze\u00a0crue\u00a0et\u00a0cuits\u00a0ensembles<\/p>\n<p><em>\u00a0Vendu\u00a0par\u00a0sachet\u00a0de\u00a05\u00a0pi\u00e8ces<\/em><\/p>\n","protected":false},"featured_media":3152,"comment_status":"open","ping_status":"closed","template":"","meta":{"sfsi_plus_gutenberg_text_before_share":"","sfsi_plus_gutenberg_show_text_before_share":"","sfsi_plus_gutenberg_icon_type":"","sfsi_plus_gutenberg_icon_alignemt":"","sfsi_plus_gutenburg_max_per_row":""},"product_cat":[97],"product_tag":[],"class_list":["post-3151","product","type-product","status-publish","has-post-thumbnail","hentry","product_cat-apprets-bronze-veritable"],"jetpack_sharing_enabled":true,"_links":{"self":[{"href":"https:\/\/www.zina-shop.com\/index.php\/wp-json\/wp\/v2\/product\/3151","targetHints":{"allow":["GET"]}}],"collection":[{"href":"https:\/\/www.zina-shop.com\/index.php\/wp-json\/wp\/v2\/product"}],"about":[{"href":"https:\/\/www.zina-shop.com\/index.php\/wp-json\/wp\/v2\/types\/product"}],"replies":[{"embeddable":true,"href":"https:\/\/www.zina-shop.com\/index.php\/wp-json\/wp\/v2\/comments?post=3151"}],"wp:featuredmedia":[{"embeddable":true,"href":"https:\/\/www.zina-shop.com\/index.php\/wp-json\/wp\/v2\/media\/3152"}],"wp:attachment":[{"href":"https:\/\/www.zina-shop.com\/index.php\/wp-json\/wp\/v2\/media?parent=3151"}],"wp:term":[{"taxonomy":"product_cat","embeddable":true,"href":"https:\/\/www.zina-shop.com\/index.php\/wp-json\/wp\/v2\/product_cat?post=3151"},{"taxonomy":"product_tag","embeddable":true,"href":"https:\/\/www.zina-shop.com\/index.php\/wp-json\/wp\/v2\/product_tag?post=3151"}],"curies":[{"name":"wp","href":"https:\/\/api.w.org\/{rel}","templated":true}]}}