{"id":3124,"date":"2020-03-02T14:17:21","date_gmt":"2020-03-02T13:17:21","guid":{"rendered":"http:\/\/www.zina-shop.com\/?post_type=product&#038;p=3124"},"modified":"2025-05-26T07:11:35","modified_gmt":"2025-05-26T05:11:35","slug":"sertissure-argent-fin-999-crantee-cabochon-8x6-mm","status":"publish","type":"product","link":"https:\/\/www.zina-shop.com\/index.php\/produit\/sertissure-argent-fin-999-crantee-cabochon-8x6-mm\/","title":{"rendered":"Sertissure argent fin 999 Crant\u00e9e Cabochon 8X6 mm"},"content":{"rendered":"<p>Sertissure argent fin 999 Crant\u00e9e Cabochon 8X6 mm<\/p>\n","protected":false},"excerpt":{"rendered":"<p><strong>Sertissure\u00a0argent\u00a0fin\u00a0999\u00a08X6mm\u00a0\u00ad\u00a0Oval<\/strong><\/p>\n<p>Crant\u00e9e<\/p>\n<p><span style=\"color: #669933\u037e;\"><em>Vendu\u00a0\u00e0\u00a0l&rsquo;unit\u00e9<\/em><\/span><\/p>\n<p>Pour sertrir les cabochons de pierre gemmes de 8*6 mm<\/p>\n<p>Peuvent \u00eatre ins\u00e9r\u00e9s dans les p\u00e2tes d&rsquo;argent avant cuisson<\/p>\n<p>Parfait pour le m\u00e9tal clay ou le filgrane de Russie<\/p>\n<p><span style=\"color: #660099\u037e;\">Pour sertir ais\u00e9ment utilisez <\/span><span style=\"color: #660099\u037e;\">le brunissoir pointe rebourb\u00e9e!<\/span><\/p>\n","protected":false},"featured_media":3125,"comment_status":"open","ping_status":"closed","template":"","meta":{"sfsi_plus_gutenberg_text_before_share":"","sfsi_plus_gutenberg_show_text_before_share":"","sfsi_plus_gutenberg_icon_type":"","sfsi_plus_gutenberg_icon_alignemt":"","sfsi_plus_gutenburg_max_per_row":""},"product_cat":[96,50],"product_tag":[],"class_list":["post-3124","product","type-product","status-publish","has-post-thumbnail","hentry","product_cat-apprets-argent-fin-999","product_cat-filigrane-de-russie"],"jetpack_sharing_enabled":true,"_links":{"self":[{"href":"https:\/\/www.zina-shop.com\/index.php\/wp-json\/wp\/v2\/product\/3124","targetHints":{"allow":["GET"]}}],"collection":[{"href":"https:\/\/www.zina-shop.com\/index.php\/wp-json\/wp\/v2\/product"}],"about":[{"href":"https:\/\/www.zina-shop.com\/index.php\/wp-json\/wp\/v2\/types\/product"}],"replies":[{"embeddable":true,"href":"https:\/\/www.zina-shop.com\/index.php\/wp-json\/wp\/v2\/comments?post=3124"}],"wp:featuredmedia":[{"embeddable":true,"href":"https:\/\/www.zina-shop.com\/index.php\/wp-json\/wp\/v2\/media\/3125"}],"wp:attachment":[{"href":"https:\/\/www.zina-shop.com\/index.php\/wp-json\/wp\/v2\/media?parent=3124"}],"wp:term":[{"taxonomy":"product_cat","embeddable":true,"href":"https:\/\/www.zina-shop.com\/index.php\/wp-json\/wp\/v2\/product_cat?post=3124"},{"taxonomy":"product_tag","embeddable":true,"href":"https:\/\/www.zina-shop.com\/index.php\/wp-json\/wp\/v2\/product_tag?post=3124"}],"curies":[{"name":"wp","href":"https:\/\/api.w.org\/{rel}","templated":true}]}}