{"id":3117,"date":"2020-03-02T13:57:00","date_gmt":"2020-03-02T12:57:00","guid":{"rendered":"http:\/\/www.zina-shop.com\/?post_type=product&#038;p=3117"},"modified":"2025-05-24T04:59:02","modified_gmt":"2025-05-24T02:59:02","slug":"fil-plat-a-sertir-argent-fin-4mm-pqt-50cm","status":"publish","type":"product","link":"https:\/\/www.zina-shop.com\/index.php\/produit\/fil-plat-a-sertir-argent-fin-4mm-pqt-50cm\/","title":{"rendered":"Fil plat \u00e0 sertir Argent fin 4mm Pqt 50cm"},"content":{"rendered":"<p>Fil plat \u00e0 sertir Argent fin 4mm Pqt 50cm<\/p>\n","protected":false},"excerpt":{"rendered":"<p><strong>Fil\u00a0plat\u00a0\u00e0\u00a0sertir\u00a04mm<\/strong><br \/>\nArgent fin<\/p>\n<p>Peut \u00eatre ins\u00e9r\u00e9 dans la p\u00e2te d&rsquo;argent crue et cuits ensembles<\/p>\n<p><em>Vendu\u00a0par\u00a0sachet\u00a0de\u00a050cm<\/em><\/p>\n<p>Id\u00e9l pour sertir les cabochons en pierre gemme de la boutqiue !<\/p>\n","protected":false},"featured_media":3119,"comment_status":"open","ping_status":"closed","template":"","meta":{"sfsi_plus_gutenberg_text_before_share":"","sfsi_plus_gutenberg_show_text_before_share":"","sfsi_plus_gutenberg_icon_type":"","sfsi_plus_gutenberg_icon_alignemt":"","sfsi_plus_gutenburg_max_per_row":""},"product_cat":[96],"product_tag":[],"class_list":["post-3117","product","type-product","status-publish","has-post-thumbnail","hentry","product_cat-apprets-argent-fin-999"],"jetpack_sharing_enabled":true,"_links":{"self":[{"href":"https:\/\/www.zina-shop.com\/index.php\/wp-json\/wp\/v2\/product\/3117","targetHints":{"allow":["GET"]}}],"collection":[{"href":"https:\/\/www.zina-shop.com\/index.php\/wp-json\/wp\/v2\/product"}],"about":[{"href":"https:\/\/www.zina-shop.com\/index.php\/wp-json\/wp\/v2\/types\/product"}],"replies":[{"embeddable":true,"href":"https:\/\/www.zina-shop.com\/index.php\/wp-json\/wp\/v2\/comments?post=3117"}],"wp:featuredmedia":[{"embeddable":true,"href":"https:\/\/www.zina-shop.com\/index.php\/wp-json\/wp\/v2\/media\/3119"}],"wp:attachment":[{"href":"https:\/\/www.zina-shop.com\/index.php\/wp-json\/wp\/v2\/media?parent=3117"}],"wp:term":[{"taxonomy":"product_cat","embeddable":true,"href":"https:\/\/www.zina-shop.com\/index.php\/wp-json\/wp\/v2\/product_cat?post=3117"},{"taxonomy":"product_tag","embeddable":true,"href":"https:\/\/www.zina-shop.com\/index.php\/wp-json\/wp\/v2\/product_tag?post=3117"}],"curies":[{"name":"wp","href":"https:\/\/api.w.org\/{rel}","templated":true}]}}