{"id":3115,"date":"2020-03-02T13:48:35","date_gmt":"2020-03-02T12:48:35","guid":{"rendered":"http:\/\/www.zina-shop.com\/?post_type=product&#038;p=3115"},"modified":"2024-03-16T01:22:43","modified_gmt":"2024-03-16T00:22:43","slug":"oeillet-argent-fin-petit-modele","status":"publish","type":"product","link":"https:\/\/www.zina-shop.com\/index.php\/produit\/oeillet-argent-fin-petit-modele\/","title":{"rendered":"Oeillet argent fin Petit mod\u00e8le"},"content":{"rendered":"<p>Oeillet argent fin Petit mod\u00e8le<\/p>\n","protected":false},"excerpt":{"rendered":"<p><strong>Oeillet\u00a0Argent\u00a0fin<\/strong><\/p>\n<p>Petit mod\u00e8le<\/p>\n<p>Peut \u00eatre ins\u00e9r\u00e9 dans la p\u00e2te d&rsquo;argent crue et cuits ensembles<\/p>\n<p><em>Vendu\u00a0\u00e0\u00a0l&rsquo;unit\u00e9<\/em><\/p>\n","protected":false},"featured_media":3116,"comment_status":"open","ping_status":"closed","template":"","meta":{"sfsi_plus_gutenberg_text_before_share":"","sfsi_plus_gutenberg_show_text_before_share":"","sfsi_plus_gutenberg_icon_type":"","sfsi_plus_gutenberg_icon_alignemt":"","sfsi_plus_gutenburg_max_per_row":""},"product_cat":[96],"product_tag":[],"class_list":["post-3115","product","type-product","status-publish","has-post-thumbnail","hentry","product_cat-apprets-argent-fin-999"],"jetpack_sharing_enabled":true,"_links":{"self":[{"href":"https:\/\/www.zina-shop.com\/index.php\/wp-json\/wp\/v2\/product\/3115","targetHints":{"allow":["GET"]}}],"collection":[{"href":"https:\/\/www.zina-shop.com\/index.php\/wp-json\/wp\/v2\/product"}],"about":[{"href":"https:\/\/www.zina-shop.com\/index.php\/wp-json\/wp\/v2\/types\/product"}],"replies":[{"embeddable":true,"href":"https:\/\/www.zina-shop.com\/index.php\/wp-json\/wp\/v2\/comments?post=3115"}],"wp:featuredmedia":[{"embeddable":true,"href":"https:\/\/www.zina-shop.com\/index.php\/wp-json\/wp\/v2\/media\/3116"}],"wp:attachment":[{"href":"https:\/\/www.zina-shop.com\/index.php\/wp-json\/wp\/v2\/media?parent=3115"}],"wp:term":[{"taxonomy":"product_cat","embeddable":true,"href":"https:\/\/www.zina-shop.com\/index.php\/wp-json\/wp\/v2\/product_cat?post=3115"},{"taxonomy":"product_tag","embeddable":true,"href":"https:\/\/www.zina-shop.com\/index.php\/wp-json\/wp\/v2\/product_tag?post=3115"}],"curies":[{"name":"wp","href":"https:\/\/api.w.org\/{rel}","templated":true}]}}