{"id":3111,"date":"2020-03-02T13:43:18","date_gmt":"2020-03-02T12:43:18","guid":{"rendered":"http:\/\/www.zina-shop.com\/?post_type=product&#038;p=3111"},"modified":"2025-05-23T19:37:01","modified_gmt":"2025-05-23T17:37:01","slug":"beliere-de-dos-a-fixer-argent-fin","status":"publish","type":"product","link":"https:\/\/www.zina-shop.com\/index.php\/produit\/beliere-de-dos-a-fixer-argent-fin\/","title":{"rendered":"B\u00e9li\u00e8re de dos \u00e0 fixer Argent fin"},"content":{"rendered":"<p>B\u00e9li\u00e8re de dos \u00e0 fixer Argent fin<\/p>\n","protected":false},"excerpt":{"rendered":"<p><strong>B\u00e9li\u00e8re\u00a0de\u00a0dos\u00a0\u00e0\u00a0fixer<\/strong><\/p>\n<p>Argent fin<br \/>\nPeut \u00eatre ins\u00e9r\u00e9 dans la p\u00e2te d&rsquo;argent crue et cuits ensembles<\/p>\n<p><em>Vendu\u00a0\u00e0\u00a0l&rsquo;unit\u00e9<\/em><\/p>\n","protected":false},"featured_media":3112,"comment_status":"open","ping_status":"closed","template":"","meta":{"sfsi_plus_gutenberg_text_before_share":"","sfsi_plus_gutenberg_show_text_before_share":"","sfsi_plus_gutenberg_icon_type":"","sfsi_plus_gutenberg_icon_alignemt":"","sfsi_plus_gutenburg_max_per_row":""},"product_cat":[96],"product_tag":[],"class_list":["post-3111","product","type-product","status-publish","has-post-thumbnail","hentry","product_cat-apprets-argent-fin-999"],"jetpack_sharing_enabled":true,"_links":{"self":[{"href":"https:\/\/www.zina-shop.com\/index.php\/wp-json\/wp\/v2\/product\/3111","targetHints":{"allow":["GET"]}}],"collection":[{"href":"https:\/\/www.zina-shop.com\/index.php\/wp-json\/wp\/v2\/product"}],"about":[{"href":"https:\/\/www.zina-shop.com\/index.php\/wp-json\/wp\/v2\/types\/product"}],"replies":[{"embeddable":true,"href":"https:\/\/www.zina-shop.com\/index.php\/wp-json\/wp\/v2\/comments?post=3111"}],"wp:featuredmedia":[{"embeddable":true,"href":"https:\/\/www.zina-shop.com\/index.php\/wp-json\/wp\/v2\/media\/3112"}],"wp:attachment":[{"href":"https:\/\/www.zina-shop.com\/index.php\/wp-json\/wp\/v2\/media?parent=3111"}],"wp:term":[{"taxonomy":"product_cat","embeddable":true,"href":"https:\/\/www.zina-shop.com\/index.php\/wp-json\/wp\/v2\/product_cat?post=3111"},{"taxonomy":"product_tag","embeddable":true,"href":"https:\/\/www.zina-shop.com\/index.php\/wp-json\/wp\/v2\/product_tag?post=3111"}],"curies":[{"name":"wp","href":"https:\/\/api.w.org\/{rel}","templated":true}]}}