{"id":3106,"date":"2020-03-02T13:09:51","date_gmt":"2020-03-02T12:09:51","guid":{"rendered":"http:\/\/www.zina-shop.com\/?post_type=product&#038;p=3106"},"modified":"2025-03-26T13:10:14","modified_gmt":"2025-03-26T12:10:14","slug":"gel-uv-top-coat-14ml","status":"publish","type":"product","link":"https:\/\/www.zina-shop.com\/index.php\/produit\/gel-uv-top-coat-14ml\/","title":{"rendered":"Gel UV TOP COAT 14ml"},"content":{"rendered":"<p>Gel UV TOP COAT 14ml<\/p>\n","protected":false},"excerpt":{"rendered":"<p><strong>Gel\u00a0UV\u00a0TOP\u00a0COAT<\/strong><\/p>\n<p>Contenance:\u00a014ml<\/p>\n<p><span style=\"color: #800080\u037e;\">Id\u00e9al pour la pose de l&rsquo;abalone<\/span><\/p>\n<p>Ce gel s&rsquo;applique tr\u00e8s facilement \u00e0 l&rsquo;aide du pinceau int\u00e9gr\u00e9 ou avec un simple cure-\u00addent pour les surfaces tr\u00e8s petites.<\/p>\n<p>Durcit sous une lampe UV en quelques minutes seulement.<\/p>\n<p>R\u00e9sultat solide et brillant\u00a0\u00a0sans aucune finitions.<\/p>\n<p><span style=\"color: #669933\u037e;\"><a href=\"https:\/\/www.youtube.com\/watch?v=oELOUNR-3sk\"><span style=\"color: #669933\u037e;\">Tutoriel de Sabine Alienor sur la pose de l&rsquo;abalone<\/span><\/a><br \/>\n<\/span><\/p>\n","protected":false},"featured_media":3107,"comment_status":"open","ping_status":"closed","template":"","meta":{"sfsi_plus_gutenberg_text_before_share":"","sfsi_plus_gutenberg_show_text_before_share":"","sfsi_plus_gutenberg_icon_type":"","sfsi_plus_gutenberg_icon_alignemt":"","sfsi_plus_gutenburg_max_per_row":""},"product_cat":[42,67],"product_tag":[],"class_list":["post-3106","product","type-product","status-publish","has-post-thumbnail","hentry","product_cat-vernis-uv","product_cat-abalone"],"jetpack_sharing_enabled":true,"_links":{"self":[{"href":"https:\/\/www.zina-shop.com\/index.php\/wp-json\/wp\/v2\/product\/3106","targetHints":{"allow":["GET"]}}],"collection":[{"href":"https:\/\/www.zina-shop.com\/index.php\/wp-json\/wp\/v2\/product"}],"about":[{"href":"https:\/\/www.zina-shop.com\/index.php\/wp-json\/wp\/v2\/types\/product"}],"replies":[{"embeddable":true,"href":"https:\/\/www.zina-shop.com\/index.php\/wp-json\/wp\/v2\/comments?post=3106"}],"wp:featuredmedia":[{"embeddable":true,"href":"https:\/\/www.zina-shop.com\/index.php\/wp-json\/wp\/v2\/media\/3107"}],"wp:attachment":[{"href":"https:\/\/www.zina-shop.com\/index.php\/wp-json\/wp\/v2\/media?parent=3106"}],"wp:term":[{"taxonomy":"product_cat","embeddable":true,"href":"https:\/\/www.zina-shop.com\/index.php\/wp-json\/wp\/v2\/product_cat?post=3106"},{"taxonomy":"product_tag","embeddable":true,"href":"https:\/\/www.zina-shop.com\/index.php\/wp-json\/wp\/v2\/product_tag?post=3106"}],"curies":[{"name":"wp","href":"https:\/\/api.w.org\/{rel}","templated":true}]}}