{"id":3100,"date":"2020-03-02T12:54:53","date_gmt":"2020-03-02T11:54:53","guid":{"rendered":"http:\/\/www.zina-shop.com\/?post_type=product&#038;p=3100"},"modified":"2023-07-07T22:57:53","modified_gmt":"2023-07-07T20:57:53","slug":"vernis-protectaclear-60ml","status":"publish","type":"product","link":"https:\/\/www.zina-shop.com\/index.php\/produit\/vernis-protectaclear-60ml\/","title":{"rendered":"Vernis Protectaclear 60ml"},"content":{"rendered":"<p>Vernis Protectaclear 60ml<\/p>\n","protected":false},"excerpt":{"rendered":"<p><strong>Vernis\u00a0Protectaclear<\/strong><\/p>\n<p>Contenance:\u00a060ml<\/p>\n<p><span style=\"color: #800080\u037e;\">Id\u00e9al pour vernis et prot\u00e9ger vos cr\u00e9ations en m\u00e9tal, argent, bronze, cuivre, acier<br \/>\n<\/span><\/p>\n<p>Vernis de tr\u00e8s grande qualit\u00e9, tr\u00e8s r\u00e9sistant \u00e0 l&rsquo;eau, au sel au chlore. Invisible.<\/p>\n<p>Sain pour la peau et les aliments. Ne craqu\u00e8le pas , ne jaunit pas dans le temps.<\/p>\n<p>Facile \u00e0 appliquer et tr\u00e8s \u00e9conomique il est \u00e9galement sain pour l&rsquo;environnement.<\/p>\n<p><span style=\"font\u00adsize: 8pt\u037e\u00a0color: #008000\u037e;\">Article conditionn\u00e9 dans notre boutique \u00ad- Photo non contractuelle<\/span><\/p>\n<p><span style=\"color: #669933\u037e;\"><span style=\"color: #669933\u037e;\"><em>Vendu \u00e0 l&rsquo;unit\u00e9<\/em><br \/>\n<\/span><\/span><\/p>\n","protected":false},"featured_media":3101,"comment_status":"open","ping_status":"closed","template":"","meta":{"sfsi_plus_gutenberg_text_before_share":"","sfsi_plus_gutenberg_show_text_before_share":"","sfsi_plus_gutenberg_icon_type":"","sfsi_plus_gutenberg_icon_alignemt":"","sfsi_plus_gutenburg_max_per_row":""},"product_cat":[42],"product_tag":[],"class_list":["post-3100","product","type-product","status-publish","has-post-thumbnail","hentry","product_cat-vernis-uv"],"jetpack_sharing_enabled":true,"_links":{"self":[{"href":"https:\/\/www.zina-shop.com\/index.php\/wp-json\/wp\/v2\/product\/3100","targetHints":{"allow":["GET"]}}],"collection":[{"href":"https:\/\/www.zina-shop.com\/index.php\/wp-json\/wp\/v2\/product"}],"about":[{"href":"https:\/\/www.zina-shop.com\/index.php\/wp-json\/wp\/v2\/types\/product"}],"replies":[{"embeddable":true,"href":"https:\/\/www.zina-shop.com\/index.php\/wp-json\/wp\/v2\/comments?post=3100"}],"wp:featuredmedia":[{"embeddable":true,"href":"https:\/\/www.zina-shop.com\/index.php\/wp-json\/wp\/v2\/media\/3101"}],"wp:attachment":[{"href":"https:\/\/www.zina-shop.com\/index.php\/wp-json\/wp\/v2\/media?parent=3100"}],"wp:term":[{"taxonomy":"product_cat","embeddable":true,"href":"https:\/\/www.zina-shop.com\/index.php\/wp-json\/wp\/v2\/product_cat?post=3100"},{"taxonomy":"product_tag","embeddable":true,"href":"https:\/\/www.zina-shop.com\/index.php\/wp-json\/wp\/v2\/product_tag?post=3100"}],"curies":[{"name":"wp","href":"https:\/\/api.w.org\/{rel}","templated":true}]}}