{"id":3097,"date":"2020-03-02T12:04:25","date_gmt":"2020-03-02T11:04:25","guid":{"rendered":"http:\/\/www.zina-shop.com\/?post_type=product&#038;p=3097"},"modified":"2022-02-15T09:12:11","modified_gmt":"2022-02-15T08:12:11","slug":"super-clean","status":"publish","type":"product","link":"https:\/\/www.zina-shop.com\/index.php\/produit\/super-clean\/","title":{"rendered":"Super clean"},"content":{"rendered":"<p>Super clean<\/p>\n","protected":false},"excerpt":{"rendered":"<p><strong>Super clean<\/strong><\/p>\n<p>Nettoyant argent sterling, plaqu\u00e9 argent, or, argenterie, cuivre<\/p>\n<p>140g<\/p>\n<p>Dissout les ternissures par r\u00e9action chimique<\/p>\n<p>1- TREMPER: tremper l&rsquo;objet dans le porduit ou nettoyer \u00e0 l&rsquo;aide d&rsquo;un torchon ou d&rsquo;une \u00e9ponge- Permet de nettoyer en quelques secondes<\/p>\n<p>2- RINCER: Rincer \u00e0 l&rsquo;eau courante et\/ou nettoyer \u00e0 l&rsquo;aide de produit vaisselle<\/p>\n<p>3- SECHER: Frotter les objets avec un chiffon sec jusqu&rsquo;\u00e0 ce qu&rsquo;il brille<\/p>\n<p>Ne pas utiliser sur l&rsquo;acier inoxydable, le chrome, l&rsquo;aluminium, l&rsquo;\u00e9tain, les perles d&rsquo;eau douces ou les pierres d\u00e9licates.<\/p>\n<p>Pour maintenir vos pi\u00e8ces brillantes, renouveller r\u00e9guli\u00e8rement<\/p>\n<p><em>Vendu \u00e0 l&rsquo;unit\u00e9<\/em><\/p>\n","protected":false},"featured_media":3099,"comment_status":"open","ping_status":"closed","template":"","meta":{"sfsi_plus_gutenberg_text_before_share":"","sfsi_plus_gutenberg_show_text_before_share":"","sfsi_plus_gutenberg_icon_type":"","sfsi_plus_gutenberg_icon_alignemt":"","sfsi_plus_gutenburg_max_per_row":""},"product_cat":[41],"product_tag":[],"class_list":["post-3097","product","type-product","status-publish","has-post-thumbnail","hentry","product_cat-nettoyants-patines"],"jetpack_sharing_enabled":true,"_links":{"self":[{"href":"https:\/\/www.zina-shop.com\/index.php\/wp-json\/wp\/v2\/product\/3097","targetHints":{"allow":["GET"]}}],"collection":[{"href":"https:\/\/www.zina-shop.com\/index.php\/wp-json\/wp\/v2\/product"}],"about":[{"href":"https:\/\/www.zina-shop.com\/index.php\/wp-json\/wp\/v2\/types\/product"}],"replies":[{"embeddable":true,"href":"https:\/\/www.zina-shop.com\/index.php\/wp-json\/wp\/v2\/comments?post=3097"}],"wp:featuredmedia":[{"embeddable":true,"href":"https:\/\/www.zina-shop.com\/index.php\/wp-json\/wp\/v2\/media\/3099"}],"wp:attachment":[{"href":"https:\/\/www.zina-shop.com\/index.php\/wp-json\/wp\/v2\/media?parent=3097"}],"wp:term":[{"taxonomy":"product_cat","embeddable":true,"href":"https:\/\/www.zina-shop.com\/index.php\/wp-json\/wp\/v2\/product_cat?post=3097"},{"taxonomy":"product_tag","embeddable":true,"href":"https:\/\/www.zina-shop.com\/index.php\/wp-json\/wp\/v2\/product_tag?post=3097"}],"curies":[{"name":"wp","href":"https:\/\/api.w.org\/{rel}","templated":true}]}}