{"id":3095,"date":"2020-03-02T11:46:46","date_gmt":"2020-03-02T10:46:46","guid":{"rendered":"http:\/\/www.zina-shop.com\/?post_type=product&#038;p=3095"},"modified":"2025-05-19T11:28:38","modified_gmt":"2025-05-19T09:28:38","slug":"patina-vintaj-reliefing-block-par-1","status":"publish","type":"product","link":"https:\/\/www.zina-shop.com\/index.php\/produit\/patina-vintaj-reliefing-block-par-1\/","title":{"rendered":"Patina Vintaj Reliefing Block &#8211; par 1"},"content":{"rendered":"<p>Patina Vintaj Reliefing Block &#8211; par 1<\/p>\n","protected":false},"excerpt":{"rendered":"<p><strong>PATINE\u00a0VINTAJ\u00ad\u00a0Reliefing\u00a0block<\/strong><\/p>\n<p>Eponge de polissage pour pi\u00e8ces de m\u00e9tal pieces patin\u00e9es<\/p>\n<p><strong>Cot\u00e9 gris fonc\u00e9 (grain dur)<br \/>\n<\/strong>Enl\u00e8ve la peinture et la patine sur les parties en relief<br \/>\n<strong>Cot\u00e9 blanc (grain moyen)<br \/>\n<\/strong>Redonne de l&rsquo;\u00e9clat<br \/>\n<strong>Cot\u00e9 gris clair (grain fin)<br \/>\n<\/strong>Adoucit et polit<\/p>\n<p><span style=\"color: #800080\u037e;\"><em>Vendu \u00e0 l&rsquo;unit\u00e9<\/em><\/span><\/p>\n","protected":false},"featured_media":3096,"comment_status":"open","ping_status":"closed","template":"","meta":{"sfsi_plus_gutenberg_text_before_share":"","sfsi_plus_gutenberg_show_text_before_share":"","sfsi_plus_gutenberg_icon_type":"","sfsi_plus_gutenberg_icon_alignemt":"","sfsi_plus_gutenburg_max_per_row":""},"product_cat":[41],"product_tag":[],"class_list":["post-3095","product","type-product","status-publish","has-post-thumbnail","hentry","product_cat-nettoyants-patines"],"jetpack_sharing_enabled":true,"_links":{"self":[{"href":"https:\/\/www.zina-shop.com\/index.php\/wp-json\/wp\/v2\/product\/3095","targetHints":{"allow":["GET"]}}],"collection":[{"href":"https:\/\/www.zina-shop.com\/index.php\/wp-json\/wp\/v2\/product"}],"about":[{"href":"https:\/\/www.zina-shop.com\/index.php\/wp-json\/wp\/v2\/types\/product"}],"replies":[{"embeddable":true,"href":"https:\/\/www.zina-shop.com\/index.php\/wp-json\/wp\/v2\/comments?post=3095"}],"wp:featuredmedia":[{"embeddable":true,"href":"https:\/\/www.zina-shop.com\/index.php\/wp-json\/wp\/v2\/media\/3096"}],"wp:attachment":[{"href":"https:\/\/www.zina-shop.com\/index.php\/wp-json\/wp\/v2\/media?parent=3095"}],"wp:term":[{"taxonomy":"product_cat","embeddable":true,"href":"https:\/\/www.zina-shop.com\/index.php\/wp-json\/wp\/v2\/product_cat?post=3095"},{"taxonomy":"product_tag","embeddable":true,"href":"https:\/\/www.zina-shop.com\/index.php\/wp-json\/wp\/v2\/product_tag?post=3095"}],"curies":[{"name":"wp","href":"https:\/\/api.w.org\/{rel}","templated":true}]}}