{"id":3085,"date":"2020-03-02T11:20:12","date_gmt":"2020-03-02T10:20:12","guid":{"rendered":"http:\/\/www.zina-shop.com\/?post_type=product&#038;p=3085"},"modified":"2020-07-22T21:30:45","modified_gmt":"2020-07-22T19:30:45","slug":"patina-vintaj-amethyst-1-flacon","status":"publish","type":"product","link":"https:\/\/www.zina-shop.com\/index.php\/produit\/patina-vintaj-amethyst-1-flacon\/","title":{"rendered":"Patina Vintaj Amethyst &#8211; 1 Flacon"},"content":{"rendered":"<p>Patina Vintaj Amethyst &#8211; 1 Flacon<\/p>\n","protected":false},"excerpt":{"rendered":"<p><strong>PATINE\u00a0VINTAJ\u00ad\u00a01\u00a0flacon<\/strong><\/p>\n<p>Couleurs: Amethyste<\/p>\n<p>Contenance:\u00a015ml\u00a0par\u00a0flacon<\/p>\n<p>Patine pour tout m\u00e9taux, argent, bronze, cuivre, laiton. Ind\u00e9l\u00e9bile<\/p>\n<p><span style=\"color: #ff00ff\u037e;\">Utiliser le reliefing block pour mettre en \u00e9vidence les reliefs et\u00a0\u00a0le Glaze disponible en 2 contenances pour finaliser.<\/span><\/p>\n<p><span style=\"color: #800080\u037e;\"><em>Vendu\u00a0\u00e0\u00a0l&rsquo;unit\u00e9<br \/>\n<\/em><\/span><\/p>\n<p>&nbsp;<\/p>\n","protected":false},"featured_media":3086,"comment_status":"open","ping_status":"closed","template":"","meta":{"sfsi_plus_gutenberg_text_before_share":"","sfsi_plus_gutenberg_show_text_before_share":"","sfsi_plus_gutenberg_icon_type":"","sfsi_plus_gutenberg_icon_alignemt":"","sfsi_plus_gutenburg_max_per_row":""},"product_cat":[41],"product_tag":[],"class_list":["post-3085","product","type-product","status-publish","has-post-thumbnail","hentry","product_cat-nettoyants-patines"],"jetpack_sharing_enabled":true,"_links":{"self":[{"href":"https:\/\/www.zina-shop.com\/index.php\/wp-json\/wp\/v2\/product\/3085","targetHints":{"allow":["GET"]}}],"collection":[{"href":"https:\/\/www.zina-shop.com\/index.php\/wp-json\/wp\/v2\/product"}],"about":[{"href":"https:\/\/www.zina-shop.com\/index.php\/wp-json\/wp\/v2\/types\/product"}],"replies":[{"embeddable":true,"href":"https:\/\/www.zina-shop.com\/index.php\/wp-json\/wp\/v2\/comments?post=3085"}],"wp:featuredmedia":[{"embeddable":true,"href":"https:\/\/www.zina-shop.com\/index.php\/wp-json\/wp\/v2\/media\/3086"}],"wp:attachment":[{"href":"https:\/\/www.zina-shop.com\/index.php\/wp-json\/wp\/v2\/media?parent=3085"}],"wp:term":[{"taxonomy":"product_cat","embeddable":true,"href":"https:\/\/www.zina-shop.com\/index.php\/wp-json\/wp\/v2\/product_cat?post=3085"},{"taxonomy":"product_tag","embeddable":true,"href":"https:\/\/www.zina-shop.com\/index.php\/wp-json\/wp\/v2\/product_tag?post=3085"}],"curies":[{"name":"wp","href":"https:\/\/api.w.org\/{rel}","templated":true}]}}