{"id":2956,"date":"2020-02-26T17:40:08","date_gmt":"2020-02-26T16:40:08","guid":{"rendered":"http:\/\/www.zina-shop.com\/?post_type=product&#038;p=2956"},"modified":"2024-10-07T16:59:37","modified_gmt":"2024-10-07T14:59:37","slug":"corundum-cabochon-rond-lisse-7-light-red-5mm","status":"publish","type":"product","link":"https:\/\/www.zina-shop.com\/index.php\/produit\/corundum-cabochon-rond-lisse-7-light-red-5mm\/","title":{"rendered":"Corundum Cabochon rond lisse # 7 Light red 5mm"},"content":{"rendered":"<p>Corundum Cabochon rond lisse # 7 Light red 5mm<\/p>\n","protected":false},"excerpt":{"rendered":"<p><strong>Corundum\u00a0cabochon\u00a0rond\u00a0lisse\u00a05mm<\/strong><\/p>\n<p>Ruby\u00a0de\u00a0synth\u00e8se\u00a0\u00ad\u00a0Laboratoire<br \/>\nCouleur: Light Red \u00ad #7<br \/>\nQualit\u00e9:\u00a0Grade\u00a0AAA<\/p>\n<p><em>\u00a0<span style=\"color: #800080\u037e;\">Vendu \u00e0 l&rsquo;unit\u00e9<\/span><\/em><\/p>\n<p>Le corundum, appel\u00e9 ruby ou saphir de synth\u00e8se est fabriqu\u00e9 en laboratoire et a la m\u00eame composition chimique, structure atomique et propri\u00e9t\u00e9 physique que son \u00e9quivalent naturel.<br \/>\nSa duret\u00e9 est de 8 sur l&rsquo;\u00e9chelle de Mohs.<br \/>\n<span style=\"color: #800080\u037e;\">R\u00e9siste aux tr\u00e8s hautes temp\u00e9ratures, test\u00e9 \u00e0 970\u00b0C. \u00ad Garde tout son \u00e9clat. \u00ad Peut \u00eatre cuit dans le charbon.<\/span><\/p>\n","protected":false},"featured_media":2957,"comment_status":"open","ping_status":"closed","template":"","meta":{"sfsi_plus_gutenberg_text_before_share":"","sfsi_plus_gutenberg_show_text_before_share":"","sfsi_plus_gutenberg_icon_type":"","sfsi_plus_gutenberg_icon_alignemt":"","sfsi_plus_gutenburg_max_per_row":""},"product_cat":[240],"product_tag":[],"class_list":["post-2956","product","type-product","status-publish","has-post-thumbnail","hentry","product_cat-cr-lisse-rond-5mm"],"jetpack_sharing_enabled":true,"_links":{"self":[{"href":"https:\/\/www.zina-shop.com\/index.php\/wp-json\/wp\/v2\/product\/2956","targetHints":{"allow":["GET"]}}],"collection":[{"href":"https:\/\/www.zina-shop.com\/index.php\/wp-json\/wp\/v2\/product"}],"about":[{"href":"https:\/\/www.zina-shop.com\/index.php\/wp-json\/wp\/v2\/types\/product"}],"replies":[{"embeddable":true,"href":"https:\/\/www.zina-shop.com\/index.php\/wp-json\/wp\/v2\/comments?post=2956"}],"wp:featuredmedia":[{"embeddable":true,"href":"https:\/\/www.zina-shop.com\/index.php\/wp-json\/wp\/v2\/media\/2957"}],"wp:attachment":[{"href":"https:\/\/www.zina-shop.com\/index.php\/wp-json\/wp\/v2\/media?parent=2956"}],"wp:term":[{"taxonomy":"product_cat","embeddable":true,"href":"https:\/\/www.zina-shop.com\/index.php\/wp-json\/wp\/v2\/product_cat?post=2956"},{"taxonomy":"product_tag","embeddable":true,"href":"https:\/\/www.zina-shop.com\/index.php\/wp-json\/wp\/v2\/product_tag?post=2956"}],"curies":[{"name":"wp","href":"https:\/\/api.w.org\/{rel}","templated":true}]}}