{"id":2756,"date":"2020-02-18T15:55:35","date_gmt":"2020-02-18T14:55:35","guid":{"rendered":"http:\/\/www.zina-shop.com\/?post_type=product&#038;p=2756"},"modified":"2022-10-14T09:35:12","modified_gmt":"2022-10-14T07:35:12","slug":"chiffon-anti-tarnish","status":"publish","type":"product","link":"https:\/\/www.zina-shop.com\/index.php\/produit\/chiffon-anti-tarnish\/","title":{"rendered":"Chiffon anti-tarnish"},"content":{"rendered":"<p>Chiffon anti-tarnish<\/p>\n","protected":false},"excerpt":{"rendered":"<p><strong>Chiffon anti-tarnish<\/strong><\/p>\n<p>82X82mm<\/p>\n<p>Chiffon fait en coton de haute qualit\u00e9, impregn\u00e9 d&rsquo;une solution anti-tarnish.<\/p>\n<p>Permet de nettoyer et redonner le brillant \u00e0 vos pi\u00e8ces en argent.<\/p>\n<p>Utiliser comme un chiffon ordinaire sur vos pi\u00e8ces leg\u00e8rement oxyd\u00e9es ou ternes. Vous obtiendrez un brillant ainsi qu&rsquo;une protection longue dur\u00e9e.<\/p>\n<p>Ce chiffon ne doit pas \u00eatre lav\u00e9<\/p>\n<p><em>Vendu \u00e0 l&rsquo;unit\u00e9<\/em><\/p>\n","protected":false},"featured_media":2757,"comment_status":"open","ping_status":"closed","template":"","meta":{"sfsi_plus_gutenberg_text_before_share":"","sfsi_plus_gutenberg_show_text_before_share":"","sfsi_plus_gutenberg_icon_type":"","sfsi_plus_gutenberg_icon_alignemt":"","sfsi_plus_gutenburg_max_per_row":""},"product_cat":[41],"product_tag":[],"class_list":["post-2756","product","type-product","status-publish","has-post-thumbnail","hentry","product_cat-nettoyants-patines"],"jetpack_sharing_enabled":true,"_links":{"self":[{"href":"https:\/\/www.zina-shop.com\/index.php\/wp-json\/wp\/v2\/product\/2756","targetHints":{"allow":["GET"]}}],"collection":[{"href":"https:\/\/www.zina-shop.com\/index.php\/wp-json\/wp\/v2\/product"}],"about":[{"href":"https:\/\/www.zina-shop.com\/index.php\/wp-json\/wp\/v2\/types\/product"}],"replies":[{"embeddable":true,"href":"https:\/\/www.zina-shop.com\/index.php\/wp-json\/wp\/v2\/comments?post=2756"}],"wp:featuredmedia":[{"embeddable":true,"href":"https:\/\/www.zina-shop.com\/index.php\/wp-json\/wp\/v2\/media\/2757"}],"wp:attachment":[{"href":"https:\/\/www.zina-shop.com\/index.php\/wp-json\/wp\/v2\/media?parent=2756"}],"wp:term":[{"taxonomy":"product_cat","embeddable":true,"href":"https:\/\/www.zina-shop.com\/index.php\/wp-json\/wp\/v2\/product_cat?post=2756"},{"taxonomy":"product_tag","embeddable":true,"href":"https:\/\/www.zina-shop.com\/index.php\/wp-json\/wp\/v2\/product_tag?post=2756"}],"curies":[{"name":"wp","href":"https:\/\/api.w.org\/{rel}","templated":true}]}}