{"id":2753,"date":"2020-02-18T15:44:43","date_gmt":"2020-02-18T14:44:43","guid":{"rendered":"http:\/\/www.zina-shop.com\/?post_type=product&#038;p=2753"},"modified":"2022-11-15T17:51:16","modified_gmt":"2022-11-15T16:51:16","slug":"silicone-bi-composant","status":"publish","type":"product","link":"https:\/\/www.zina-shop.com\/index.php\/produit\/silicone-bi-composant\/","title":{"rendered":"Silicone bi-composant"},"content":{"rendered":"<p>Silicone bi-composant<\/p>\n","protected":false},"excerpt":{"rendered":"<p><strong>Silicone bi\u00adcomposant pour moulage<\/strong><\/p>\n<p>Partie A \u00ad blanche: 40g<\/p>\n<p>Partie B \u00ad bleue: 40g<\/p>\n<p>Silicone bi\u00adcomposant reticulant<\/p>\n<p>Les p\u00e2tes blanches et bleues, une fois m\u00e9lang\u00e9es \u00e0 part \u00e9gales entres-elles sont \u00e9lastiques et r\u00e9sistantes.<\/p>\n<p>Reproduction de la p\u00e2te flexible, rapide et simple d&rsquo;utilisation:<\/p>\n<p>Prennez une part \u00e9gale de p\u00e2te bleue et blanche et m\u00e9langez les de fa\u00e7on tr\u00e8s homog\u00e8ne dans vos mains.<\/p>\n<p>Utilsez le m\u00e9lange avant 90 secondes.<\/p>\n<p>Prennez l&#8217;empeinte en pressant votre mod\u00e8le dans la p\u00e2te obtenue. Attention l\u00e9vitez de vous y reprendre \u00e0 plusieures fois afin que votre moulage soit le plus net possible.<\/p>\n<p><strong><span style=\"color: #99cc00\u037e;\">Precision au micron<\/span><\/strong><\/p>\n<p><span style=\"color: #99cc00\u037e;\"><span style=\"color: #000000\u037e;\">Temps pour r\u00e9aliser le moulaghe, environ 5 minutes<br \/>\n<\/span><\/span><\/p>\n<p><span style=\"color: #99cc00\u037e;\"><span style=\"color: #000000\u037e;\"><em><span style=\"color: #800080\u037e;\">Sold au set: 2 bo\u00eetes de 40g<\/span><\/em><\/span><\/span><\/p>\n","protected":false},"featured_media":2755,"comment_status":"open","ping_status":"closed","template":"","meta":{"sfsi_plus_gutenberg_text_before_share":"","sfsi_plus_gutenberg_show_text_before_share":"","sfsi_plus_gutenberg_icon_type":"","sfsi_plus_gutenberg_icon_alignemt":"","sfsi_plus_gutenburg_max_per_row":""},"product_cat":[40],"product_tag":[],"class_list":["post-2753","product","type-product","status-publish","has-post-thumbnail","hentry","product_cat-matiere-pour-moulage"],"jetpack_sharing_enabled":true,"_links":{"self":[{"href":"https:\/\/www.zina-shop.com\/index.php\/wp-json\/wp\/v2\/product\/2753","targetHints":{"allow":["GET"]}}],"collection":[{"href":"https:\/\/www.zina-shop.com\/index.php\/wp-json\/wp\/v2\/product"}],"about":[{"href":"https:\/\/www.zina-shop.com\/index.php\/wp-json\/wp\/v2\/types\/product"}],"replies":[{"embeddable":true,"href":"https:\/\/www.zina-shop.com\/index.php\/wp-json\/wp\/v2\/comments?post=2753"}],"wp:featuredmedia":[{"embeddable":true,"href":"https:\/\/www.zina-shop.com\/index.php\/wp-json\/wp\/v2\/media\/2755"}],"wp:attachment":[{"href":"https:\/\/www.zina-shop.com\/index.php\/wp-json\/wp\/v2\/media?parent=2753"}],"wp:term":[{"taxonomy":"product_cat","embeddable":true,"href":"https:\/\/www.zina-shop.com\/index.php\/wp-json\/wp\/v2\/product_cat?post=2753"},{"taxonomy":"product_tag","embeddable":true,"href":"https:\/\/www.zina-shop.com\/index.php\/wp-json\/wp\/v2\/product_tag?post=2753"}],"curies":[{"name":"wp","href":"https:\/\/api.w.org\/{rel}","templated":true}]}}