{"id":2751,"date":"2020-02-18T15:31:07","date_gmt":"2020-02-18T14:31:07","guid":{"rendered":"http:\/\/www.zina-shop.com\/?post_type=product&#038;p=2751"},"modified":"2022-01-19T14:04:44","modified_gmt":"2022-01-19T13:04:44","slug":"oyumaru-set","status":"publish","type":"product","link":"https:\/\/www.zina-shop.com\/index.php\/produit\/oyumaru-set\/","title":{"rendered":"Oyumaru set"},"content":{"rendered":"<p>Oyumaru set<\/p>\n","protected":false},"excerpt":{"rendered":"<p><strong>R\u00e9sine\u00a0pour\u00a0cr\u00e9er\u00a0des\u00a0moules<\/strong><\/p>\n<p>Oyumaru Lot<\/p>\n<p><span style=\"color: #800080\u037e;\">Vendu par sachet de 12 batons<\/span><\/p>\n<p>R\u00e9utilisable\u00a0\u00e0\u00a0volont\u00e9<\/p>\n<p>Fabriquez vos propres moules souple tr\u00e8s facilement:<\/p>\n<p>Faites tremper un baton de r\u00e9sine dans de l&rsquo;eau chaude (plus de 80\u00b0C) pendant 3 minutes.<br \/>\nSortez la r\u00e9sine en prenant soin de ne pas vous br\u00fbler, puis pressez l&rsquo;objet \u00e0 mouler dans la r\u00e9sine. Patientez quelques minutes, votre moule est pr\u00eat \u00e0 \u00eatre utilis\u00e9.<\/p>\n<p>Lorsque vous n&rsquo;avez plu l&rsquo;utilit\u00e9 de votre moule, vous pouvez le r\u00e9utiliser en le trempant \u00e0 nouveau dans de l&rsquo;eau chaude.<\/p>\n","protected":false},"featured_media":2752,"comment_status":"open","ping_status":"closed","template":"","meta":{"sfsi_plus_gutenberg_text_before_share":"","sfsi_plus_gutenberg_show_text_before_share":"","sfsi_plus_gutenberg_icon_type":"","sfsi_plus_gutenberg_icon_alignemt":"","sfsi_plus_gutenburg_max_per_row":""},"product_cat":[40],"product_tag":[],"class_list":["post-2751","product","type-product","status-publish","has-post-thumbnail","hentry","product_cat-matiere-pour-moulage"],"jetpack_sharing_enabled":true,"_links":{"self":[{"href":"https:\/\/www.zina-shop.com\/index.php\/wp-json\/wp\/v2\/product\/2751","targetHints":{"allow":["GET"]}}],"collection":[{"href":"https:\/\/www.zina-shop.com\/index.php\/wp-json\/wp\/v2\/product"}],"about":[{"href":"https:\/\/www.zina-shop.com\/index.php\/wp-json\/wp\/v2\/types\/product"}],"replies":[{"embeddable":true,"href":"https:\/\/www.zina-shop.com\/index.php\/wp-json\/wp\/v2\/comments?post=2751"}],"wp:featuredmedia":[{"embeddable":true,"href":"https:\/\/www.zina-shop.com\/index.php\/wp-json\/wp\/v2\/media\/2752"}],"wp:attachment":[{"href":"https:\/\/www.zina-shop.com\/index.php\/wp-json\/wp\/v2\/media?parent=2751"}],"wp:term":[{"taxonomy":"product_cat","embeddable":true,"href":"https:\/\/www.zina-shop.com\/index.php\/wp-json\/wp\/v2\/product_cat?post=2751"},{"taxonomy":"product_tag","embeddable":true,"href":"https:\/\/www.zina-shop.com\/index.php\/wp-json\/wp\/v2\/product_tag?post=2751"}],"curies":[{"name":"wp","href":"https:\/\/api.w.org\/{rel}","templated":true}]}}