{"id":2713,"date":"2020-02-18T14:49:49","date_gmt":"2020-02-18T13:49:49","guid":{"rendered":"http:\/\/www.zina-shop.com\/?post_type=product&#038;p=2713"},"modified":"2022-03-12T15:19:43","modified_gmt":"2022-03-12T14:19:43","slug":"moule-en-silicone-modele-sm-001-80x50mm","status":"publish","type":"product","link":"https:\/\/www.zina-shop.com\/index.php\/produit\/moule-en-silicone-modele-sm-001-80x50mm\/","title":{"rendered":"Moule en silicone &#8211; Mod\u00e8le SM-001 &#8211; 80X50mm"},"content":{"rendered":"<p>Moule en silicone &#8211; Mod\u00e8le SM-001 &#8211; 80X50mm<\/p>\n","protected":false},"excerpt":{"rendered":"<p><strong>Moule\u00a0silicone\u00a0\u00ad\u00a0Mod\u00e8le\u00a0SM\u00ad001<\/strong><\/p>\n<p>Fleurs\u00a0et\u00a0feuilles<br \/>\nDiam\u00e8tre: 80x50mm<\/p>\n<p>Les moulages sont r\u00e9alis\u00e9s artisanalement \u00e0 partir d&rsquo;une pi\u00e8ce originale.<br \/>\n100% silicone bleu, ils sont r\u00e9utilisables, lavables peuvent supporter la chaleur (d&rsquo;un four domestique) et le froid.<\/p>\n<p>S&rsquo;utilisent pour le m\u00e9tal clay (en les badigeonnant d&rsquo;huile d&rsquo;olive avant utilisation) et la polym\u00e8re (en les<br \/>\ntalcant\u00a0l\u00e9g\u00e8rement\u00a0avant\u00a0utilisation)<\/p>\n","protected":false},"featured_media":2714,"comment_status":"open","ping_status":"closed","template":"","meta":{"sfsi_plus_gutenberg_text_before_share":"","sfsi_plus_gutenberg_show_text_before_share":"","sfsi_plus_gutenberg_icon_type":"","sfsi_plus_gutenberg_icon_alignemt":"","sfsi_plus_gutenburg_max_per_row":""},"product_cat":[39],"product_tag":[],"class_list":["post-2713","product","type-product","status-publish","has-post-thumbnail","hentry","product_cat-moules-silicone-prometheus"],"jetpack_sharing_enabled":true,"_links":{"self":[{"href":"https:\/\/www.zina-shop.com\/index.php\/wp-json\/wp\/v2\/product\/2713","targetHints":{"allow":["GET"]}}],"collection":[{"href":"https:\/\/www.zina-shop.com\/index.php\/wp-json\/wp\/v2\/product"}],"about":[{"href":"https:\/\/www.zina-shop.com\/index.php\/wp-json\/wp\/v2\/types\/product"}],"replies":[{"embeddable":true,"href":"https:\/\/www.zina-shop.com\/index.php\/wp-json\/wp\/v2\/comments?post=2713"}],"wp:featuredmedia":[{"embeddable":true,"href":"https:\/\/www.zina-shop.com\/index.php\/wp-json\/wp\/v2\/media\/2714"}],"wp:attachment":[{"href":"https:\/\/www.zina-shop.com\/index.php\/wp-json\/wp\/v2\/media?parent=2713"}],"wp:term":[{"taxonomy":"product_cat","embeddable":true,"href":"https:\/\/www.zina-shop.com\/index.php\/wp-json\/wp\/v2\/product_cat?post=2713"},{"taxonomy":"product_tag","embeddable":true,"href":"https:\/\/www.zina-shop.com\/index.php\/wp-json\/wp\/v2\/product_tag?post=2713"}],"curies":[{"name":"wp","href":"https:\/\/api.w.org\/{rel}","templated":true}]}}