{"id":2459,"date":"2020-02-17T14:12:32","date_gmt":"2020-02-17T13:12:32","guid":{"rendered":"http:\/\/www.zina-shop.com\/?post_type=product&#038;p=2459"},"modified":"2023-04-13T00:48:11","modified_gmt":"2023-04-12T22:48:11","slug":"moule-en-silicone-modele-17-20mm","status":"publish","type":"product","link":"https:\/\/www.zina-shop.com\/index.php\/produit\/moule-en-silicone-modele-17-20mm\/","title":{"rendered":"Moule en silicone Mod\u00e8le 17 &#8211; 20mm"},"content":{"rendered":"<p>oule en silicone Mod\u00e8le 17 &#8211; 20mm<\/p>\n","protected":false},"excerpt":{"rendered":"<p><strong>Moule silicone \u00ad Mod\u00e8le 17<br \/>\n<\/strong><\/p>\n<p>Diam\u00e8tre: 20mm<\/p>\n<p>Les moulages sont r\u00e9alis\u00e9s artisanalement \u00e0 partir d&rsquo;une pi\u00e8ce originale.<br \/>\n100% silicone bleu, ils sont r\u00e9utilisables, lavables peuvent supporter la chaleur (d&rsquo;un four<br \/>\ndomestique)\u00a0et\u00a0le\u00a0froid.<\/p>\n<p>S&rsquo;utilisent pour le m\u00e9tal clay (en les badigeonnant d&rsquo;huile d&rsquo;olive avant utilisation) et la polym\u00e8re (en les talcant l\u00e9g\u00e8rement avant utilisation)<\/p>\n<p>La photo repr\u00e9sente une pi\u00e8ce finie ou le mod\u00e8le original<\/p>\n<p><span style=\"color: #800080\u037e;\">R\u00e9alisez de beaux bijoux avec des mod\u00e8les uniques Zina\u00adshoP !<br \/>\n<\/span><\/p>\n","protected":false},"featured_media":2460,"comment_status":"open","ping_status":"closed","template":"","meta":{"sfsi_plus_gutenberg_text_before_share":"","sfsi_plus_gutenberg_show_text_before_share":"","sfsi_plus_gutenberg_icon_type":"","sfsi_plus_gutenberg_icon_alignemt":"","sfsi_plus_gutenburg_max_per_row":""},"product_cat":[38],"product_tag":[],"class_list":["post-2459","product","type-product","status-publish","has-post-thumbnail","hentry","product_cat-moules-silicone-zina"],"jetpack_sharing_enabled":true,"_links":{"self":[{"href":"https:\/\/www.zina-shop.com\/index.php\/wp-json\/wp\/v2\/product\/2459","targetHints":{"allow":["GET"]}}],"collection":[{"href":"https:\/\/www.zina-shop.com\/index.php\/wp-json\/wp\/v2\/product"}],"about":[{"href":"https:\/\/www.zina-shop.com\/index.php\/wp-json\/wp\/v2\/types\/product"}],"replies":[{"embeddable":true,"href":"https:\/\/www.zina-shop.com\/index.php\/wp-json\/wp\/v2\/comments?post=2459"}],"wp:featuredmedia":[{"embeddable":true,"href":"https:\/\/www.zina-shop.com\/index.php\/wp-json\/wp\/v2\/media\/2460"}],"wp:attachment":[{"href":"https:\/\/www.zina-shop.com\/index.php\/wp-json\/wp\/v2\/media?parent=2459"}],"wp:term":[{"taxonomy":"product_cat","embeddable":true,"href":"https:\/\/www.zina-shop.com\/index.php\/wp-json\/wp\/v2\/product_cat?post=2459"},{"taxonomy":"product_tag","embeddable":true,"href":"https:\/\/www.zina-shop.com\/index.php\/wp-json\/wp\/v2\/product_tag?post=2459"}],"curies":[{"name":"wp","href":"https:\/\/api.w.org\/{rel}","templated":true}]}}