{"id":2424,"date":"2020-02-17T12:26:32","date_gmt":"2020-02-17T11:26:32","guid":{"rendered":"http:\/\/www.zina-shop.com\/?post_type=product&#038;p=2424"},"modified":"2024-08-13T09:03:27","modified_gmt":"2024-08-13T07:03:27","slug":"set-de-3-lames","status":"publish","type":"product","link":"https:\/\/www.zina-shop.com\/index.php\/produit\/set-de-3-lames\/","title":{"rendered":"Set de 3 lames"},"content":{"rendered":"<p>Set de 3 lames<\/p>\n","protected":false},"excerpt":{"rendered":"<p><strong>Set\u00a0de\u00a03\u00a0lames<\/strong><\/p>\n<p>1\u00a0lame\u00a0rigide\u00a0\u00ad\u00a01\u00a0lame\u00a0souple\u00a0\u00ad\u00a01\u00a0lame\u00a0crant\u00e9e<\/p>\n<p>Acier\u00a0inoxydable<\/p>\n<p>Id\u00e9al pour le travail des p\u00e2tes de m\u00e9taux et p\u00e2tes polym\u00e8re<\/p>\n<p>Livr\u00e9\u00a0avec\u00a0une\u00a0protection\u00a0en\u00a0caoutchouc<\/p>\n<p>Qualit\u00e9\u00a0professionnelle<\/p>\n<p><em>Vendu au set<\/em><\/p>\n","protected":false},"featured_media":2425,"comment_status":"open","ping_status":"closed","template":"","meta":{"sfsi_plus_gutenberg_text_before_share":"","sfsi_plus_gutenberg_show_text_before_share":"","sfsi_plus_gutenberg_icon_type":"","sfsi_plus_gutenberg_icon_alignemt":"","sfsi_plus_gutenburg_max_per_row":""},"product_cat":[36],"product_tag":[],"class_list":["post-2424","product","type-product","status-publish","has-post-thumbnail","hentry","product_cat-cutter"],"jetpack_sharing_enabled":true,"_links":{"self":[{"href":"https:\/\/www.zina-shop.com\/index.php\/wp-json\/wp\/v2\/product\/2424","targetHints":{"allow":["GET"]}}],"collection":[{"href":"https:\/\/www.zina-shop.com\/index.php\/wp-json\/wp\/v2\/product"}],"about":[{"href":"https:\/\/www.zina-shop.com\/index.php\/wp-json\/wp\/v2\/types\/product"}],"replies":[{"embeddable":true,"href":"https:\/\/www.zina-shop.com\/index.php\/wp-json\/wp\/v2\/comments?post=2424"}],"wp:featuredmedia":[{"embeddable":true,"href":"https:\/\/www.zina-shop.com\/index.php\/wp-json\/wp\/v2\/media\/2425"}],"wp:attachment":[{"href":"https:\/\/www.zina-shop.com\/index.php\/wp-json\/wp\/v2\/media?parent=2424"}],"wp:term":[{"taxonomy":"product_cat","embeddable":true,"href":"https:\/\/www.zina-shop.com\/index.php\/wp-json\/wp\/v2\/product_cat?post=2424"},{"taxonomy":"product_tag","embeddable":true,"href":"https:\/\/www.zina-shop.com\/index.php\/wp-json\/wp\/v2\/product_tag?post=2424"}],"curies":[{"name":"wp","href":"https:\/\/api.w.org\/{rel}","templated":true}]}}