{"id":2417,"date":"2020-02-17T12:10:31","date_gmt":"2020-02-17T11:10:31","guid":{"rendered":"http:\/\/www.zina-shop.com\/?post_type=product&#038;p=2417"},"modified":"2024-01-20T12:34:25","modified_gmt":"2024-01-20T11:34:25","slug":"scalpel","status":"publish","type":"product","link":"https:\/\/www.zina-shop.com\/index.php\/produit\/scalpel\/","title":{"rendered":"Scalpel"},"content":{"rendered":"<p>Scalpel<\/p>\n","protected":false},"excerpt":{"rendered":"<p><strong>Salpel chirugical<\/strong><\/p>\n<p>Lame tr\u00e8s coupante parfaite pour la p\u00e2te de m\u00e9tal quand elle est humide et pour le travail de la polym\u00e8re<\/p>\n<p>La lame ne peut pas se changer.<\/p>\n<p><em><span style=\"color: #800080\u037e;\">Vendu \u00e0 l&rsquo;unit\u00e9<\/span><\/em><\/p>\n","protected":false},"featured_media":2418,"comment_status":"open","ping_status":"closed","template":"","meta":{"sfsi_plus_gutenberg_text_before_share":"","sfsi_plus_gutenberg_show_text_before_share":"","sfsi_plus_gutenberg_icon_type":"","sfsi_plus_gutenberg_icon_alignemt":"","sfsi_plus_gutenburg_max_per_row":""},"product_cat":[36],"product_tag":[],"class_list":["post-2417","product","type-product","status-publish","has-post-thumbnail","hentry","product_cat-cutter"],"jetpack_sharing_enabled":true,"_links":{"self":[{"href":"https:\/\/www.zina-shop.com\/index.php\/wp-json\/wp\/v2\/product\/2417","targetHints":{"allow":["GET"]}}],"collection":[{"href":"https:\/\/www.zina-shop.com\/index.php\/wp-json\/wp\/v2\/product"}],"about":[{"href":"https:\/\/www.zina-shop.com\/index.php\/wp-json\/wp\/v2\/types\/product"}],"replies":[{"embeddable":true,"href":"https:\/\/www.zina-shop.com\/index.php\/wp-json\/wp\/v2\/comments?post=2417"}],"wp:featuredmedia":[{"embeddable":true,"href":"https:\/\/www.zina-shop.com\/index.php\/wp-json\/wp\/v2\/media\/2418"}],"wp:attachment":[{"href":"https:\/\/www.zina-shop.com\/index.php\/wp-json\/wp\/v2\/media?parent=2417"}],"wp:term":[{"taxonomy":"product_cat","embeddable":true,"href":"https:\/\/www.zina-shop.com\/index.php\/wp-json\/wp\/v2\/product_cat?post=2417"},{"taxonomy":"product_tag","embeddable":true,"href":"https:\/\/www.zina-shop.com\/index.php\/wp-json\/wp\/v2\/product_tag?post=2417"}],"curies":[{"name":"wp","href":"https:\/\/api.w.org\/{rel}","templated":true}]}}