{"id":2412,"date":"2020-02-17T11:53:53","date_gmt":"2020-02-17T10:53:53","guid":{"rendered":"http:\/\/www.zina-shop.com\/?post_type=product&#038;p=2412"},"modified":"2022-02-15T09:12:09","modified_gmt":"2022-02-15T08:12:09","slug":"plaque-de-texture-qe016-petit-modele","status":"publish","type":"product","link":"https:\/\/www.zina-shop.com\/index.php\/produit\/plaque-de-texture-qe016-petit-modele\/","title":{"rendered":"Plaque de texture QE016 Petit mod\u00e8le"},"content":{"rendered":"<p>Plaque de texture QE016 Petit mod\u00e8le<\/p>\n","protected":false},"excerpt":{"rendered":"<p><strong>Plaque de texture \u00ad petit mod\u00e8le<\/strong><\/p>\n<p>Mod\u00e8le: QE\u00ad016<\/p>\n<p>Dim: 10*10 cm environ<\/p>\n<p>Plaque\u00a0de\u00a0texture\u00a0en\u00a0silicone\u00a0fin<\/p>\n<p>Permet de textures tout type de p\u00e2te, m\u00e9tal, polym\u00e8re et porcelaine froide.<\/p>\n<p><strong>Pour la patisserie cr\u00e9ative ce mod\u00e8le exite en grande plaque de 40&#215;30 cm<\/strong><\/p>\n<p>Lavable\u00a0avec\u00a0de\u00a0l&rsquo;eau\u00a0et\u00a0du\u00a0liquide\u00a0vaisselle<\/p>\n<p><em>Vendu \u00e0 l&rsquo;unit\u00e9<\/em><\/p>\n","protected":false},"featured_media":2411,"comment_status":"open","ping_status":"closed","template":"","meta":{"sfsi_plus_gutenberg_text_before_share":"","sfsi_plus_gutenberg_show_text_before_share":"","sfsi_plus_gutenberg_icon_type":"","sfsi_plus_gutenberg_icon_alignemt":"","sfsi_plus_gutenburg_max_per_row":""},"product_cat":[34],"product_tag":[],"class_list":["post-2412","product","type-product","status-publish","has-post-thumbnail","hentry","product_cat-textures-silicone"],"jetpack_sharing_enabled":true,"_links":{"self":[{"href":"https:\/\/www.zina-shop.com\/index.php\/wp-json\/wp\/v2\/product\/2412","targetHints":{"allow":["GET"]}}],"collection":[{"href":"https:\/\/www.zina-shop.com\/index.php\/wp-json\/wp\/v2\/product"}],"about":[{"href":"https:\/\/www.zina-shop.com\/index.php\/wp-json\/wp\/v2\/types\/product"}],"replies":[{"embeddable":true,"href":"https:\/\/www.zina-shop.com\/index.php\/wp-json\/wp\/v2\/comments?post=2412"}],"wp:featuredmedia":[{"embeddable":true,"href":"https:\/\/www.zina-shop.com\/index.php\/wp-json\/wp\/v2\/media\/2411"}],"wp:attachment":[{"href":"https:\/\/www.zina-shop.com\/index.php\/wp-json\/wp\/v2\/media?parent=2412"}],"wp:term":[{"taxonomy":"product_cat","embeddable":true,"href":"https:\/\/www.zina-shop.com\/index.php\/wp-json\/wp\/v2\/product_cat?post=2412"},{"taxonomy":"product_tag","embeddable":true,"href":"https:\/\/www.zina-shop.com\/index.php\/wp-json\/wp\/v2\/product_tag?post=2412"}],"curies":[{"name":"wp","href":"https:\/\/api.w.org\/{rel}","templated":true}]}}