{"id":2400,"date":"2020-02-17T11:35:20","date_gmt":"2020-02-17T10:35:20","guid":{"rendered":"http:\/\/www.zina-shop.com\/?post_type=product&#038;p=2400"},"modified":"2020-02-17T11:39:22","modified_gmt":"2020-02-17T10:39:22","slug":"tapis-texture-qe004-pour-patisserie","status":"publish","type":"product","link":"https:\/\/www.zina-shop.com\/index.php\/produit\/tapis-texture-qe004-pour-patisserie\/","title":{"rendered":"Tapis Texture QE004 pour patisserie"},"content":{"rendered":"<p>Tapis Texture QE004 pour patisserie<\/p>\n","protected":false},"excerpt":{"rendered":"<p><strong>Tapis de texture \u00ad p\u00e2tisserie cr\u00e9ative<br \/>\n<\/strong><\/p>\n<p>Mod\u00e8le: QE\u00ad004<\/p>\n<p>Dim: 40*30 cm<\/p>\n<p>Tapis de texture en silicone extra fin<\/p>\n<p>Permet de texturer vos p\u00e2tes \u00e0 sucre, p\u00e2te d&rsquo;amande etc&#8230;<\/p>\n<p>Lavable\u00a0avec\u00a0de\u00a0l&rsquo;eau\u00a0et\u00a0du\u00a0liquide\u00a0vaisselle<\/p>\n<p>R\u00e9siste \u00e0 des temp\u00e9ratures allant de -60\u00b0C \u00e0 +260\u00b0C<\/p>\n<p><em>Vendu \u00e0 l&rsquo;unit\u00e9<\/em><\/p>\n","protected":false},"featured_media":2398,"comment_status":"open","ping_status":"closed","template":"","meta":{"sfsi_plus_gutenberg_text_before_share":"","sfsi_plus_gutenberg_show_text_before_share":"","sfsi_plus_gutenberg_icon_type":"","sfsi_plus_gutenberg_icon_alignemt":"","sfsi_plus_gutenburg_max_per_row":""},"product_cat":[34],"product_tag":[],"class_list":["post-2400","product","type-product","status-publish","has-post-thumbnail","hentry","product_cat-textures-silicone"],"jetpack_sharing_enabled":true,"_links":{"self":[{"href":"https:\/\/www.zina-shop.com\/index.php\/wp-json\/wp\/v2\/product\/2400","targetHints":{"allow":["GET"]}}],"collection":[{"href":"https:\/\/www.zina-shop.com\/index.php\/wp-json\/wp\/v2\/product"}],"about":[{"href":"https:\/\/www.zina-shop.com\/index.php\/wp-json\/wp\/v2\/types\/product"}],"replies":[{"embeddable":true,"href":"https:\/\/www.zina-shop.com\/index.php\/wp-json\/wp\/v2\/comments?post=2400"}],"wp:featuredmedia":[{"embeddable":true,"href":"https:\/\/www.zina-shop.com\/index.php\/wp-json\/wp\/v2\/media\/2398"}],"wp:attachment":[{"href":"https:\/\/www.zina-shop.com\/index.php\/wp-json\/wp\/v2\/media?parent=2400"}],"wp:term":[{"taxonomy":"product_cat","embeddable":true,"href":"https:\/\/www.zina-shop.com\/index.php\/wp-json\/wp\/v2\/product_cat?post=2400"},{"taxonomy":"product_tag","embeddable":true,"href":"https:\/\/www.zina-shop.com\/index.php\/wp-json\/wp\/v2\/product_tag?post=2400"}],"curies":[{"name":"wp","href":"https:\/\/api.w.org\/{rel}","templated":true}]}}