{"id":2397,"date":"2020-02-17T11:28:20","date_gmt":"2020-02-17T10:28:20","guid":{"rendered":"http:\/\/www.zina-shop.com\/?post_type=product&#038;p=2397"},"modified":"2024-12-05T10:13:13","modified_gmt":"2024-12-05T09:13:13","slug":"plaque-de-texture-qe004-grand-modele","status":"publish","type":"product","link":"https:\/\/www.zina-shop.com\/index.php\/produit\/plaque-de-texture-qe004-grand-modele\/","title":{"rendered":"Plaque de texture QE004 Grand mod\u00e8le"},"content":{"rendered":"<p>Plaque de texture QE004 Grand mod\u00e8le<\/p>\n","protected":false},"excerpt":{"rendered":"<p><strong>Plaque\u00a0de\u00a0texture\u00a0\u00ad\u00a0Grand\u00a0mod\u00e8le<\/strong><\/p>\n<p>Mod\u00e8le: QE\u00ad004<\/p>\n<p>Dim:\u00a020*10\u00a0cm\u00a0environ<\/p>\n<p>Plaque\u00a0de\u00a0texture\u00a0en\u00a0silicone\u00a0fin<\/p>\n<p>Permet de textures tout type de p\u00e2te, m\u00e9tal, polym\u00e8re et porcelaine froide.<\/p>\n<p><strong>Pour la patisserie cr\u00e9ative ce mod\u00e8le exite en grande plaque de 40&#215;30 cm<\/strong><\/p>\n<p>Lavable\u00a0avec\u00a0de\u00a0l&rsquo;eau\u00a0et\u00a0du\u00a0liquide\u00a0vaisselle<\/p>\n<p><em>Vendu \u00e0 l&rsquo;unit\u00e9<\/em><\/p>\n","protected":false},"featured_media":2398,"comment_status":"open","ping_status":"closed","template":"","meta":{"sfsi_plus_gutenberg_text_before_share":"","sfsi_plus_gutenberg_show_text_before_share":"","sfsi_plus_gutenberg_icon_type":"","sfsi_plus_gutenberg_icon_alignemt":"","sfsi_plus_gutenburg_max_per_row":""},"product_cat":[34],"product_tag":[],"class_list":["post-2397","product","type-product","status-publish","has-post-thumbnail","hentry","product_cat-textures-silicone"],"jetpack_sharing_enabled":true,"_links":{"self":[{"href":"https:\/\/www.zina-shop.com\/index.php\/wp-json\/wp\/v2\/product\/2397","targetHints":{"allow":["GET"]}}],"collection":[{"href":"https:\/\/www.zina-shop.com\/index.php\/wp-json\/wp\/v2\/product"}],"about":[{"href":"https:\/\/www.zina-shop.com\/index.php\/wp-json\/wp\/v2\/types\/product"}],"replies":[{"embeddable":true,"href":"https:\/\/www.zina-shop.com\/index.php\/wp-json\/wp\/v2\/comments?post=2397"}],"wp:featuredmedia":[{"embeddable":true,"href":"https:\/\/www.zina-shop.com\/index.php\/wp-json\/wp\/v2\/media\/2398"}],"wp:attachment":[{"href":"https:\/\/www.zina-shop.com\/index.php\/wp-json\/wp\/v2\/media?parent=2397"}],"wp:term":[{"taxonomy":"product_cat","embeddable":true,"href":"https:\/\/www.zina-shop.com\/index.php\/wp-json\/wp\/v2\/product_cat?post=2397"},{"taxonomy":"product_tag","embeddable":true,"href":"https:\/\/www.zina-shop.com\/index.php\/wp-json\/wp\/v2\/product_tag?post=2397"}],"curies":[{"name":"wp","href":"https:\/\/api.w.org\/{rel}","templated":true}]}}