{"id":2384,"date":"2020-02-17T10:13:31","date_gmt":"2020-02-17T09:13:31","guid":{"rendered":"http:\/\/www.zina-shop.com\/?post_type=product&#038;p=2384"},"modified":"2022-02-08T08:46:16","modified_gmt":"2022-02-08T07:46:16","slug":"plaque-de-texture-disques-fantaisie","status":"publish","type":"product","link":"https:\/\/www.zina-shop.com\/index.php\/produit\/plaque-de-texture-disques-fantaisie\/","title":{"rendered":"Plaque de texture Disques fantaisie"},"content":{"rendered":"<p>Plaque de texture Disques fantaisie<\/p>\n","protected":false},"excerpt":{"rendered":"<p><strong>Plaques\u00a0de\u00a0texture\u00a0\u00ad<\/strong><\/p>\n<p>Mod\u00e8le:\u00a0Disques\u00a0fantaisie<\/p>\n<p>Plaque\u00a0de\u00a0texture\u00a0en\u00a0plastique<\/p>\n<p>Permet de texturer tout type de p\u00e2te, m\u00e9tal, polym\u00e8re et porcelaine froide.<\/p>\n<p>Lavable\u00a0avec\u00a0de\u00a0l&rsquo;eau\u00a0et\u00a0du\u00a0liquide\u00a0vaisselle<\/p>\n<p><em>Vendu \u00e0 l&rsquo;unit\u00e9<\/em><\/p>\n","protected":false},"featured_media":2385,"comment_status":"open","ping_status":"closed","template":"","meta":{"sfsi_plus_gutenberg_text_before_share":"","sfsi_plus_gutenberg_show_text_before_share":"","sfsi_plus_gutenberg_icon_type":"","sfsi_plus_gutenberg_icon_alignemt":"","sfsi_plus_gutenburg_max_per_row":""},"product_cat":[35],"product_tag":[],"class_list":["post-2384","product","type-product","status-publish","has-post-thumbnail","hentry","product_cat-textures-plastique"],"jetpack_sharing_enabled":true,"_links":{"self":[{"href":"https:\/\/www.zina-shop.com\/index.php\/wp-json\/wp\/v2\/product\/2384","targetHints":{"allow":["GET"]}}],"collection":[{"href":"https:\/\/www.zina-shop.com\/index.php\/wp-json\/wp\/v2\/product"}],"about":[{"href":"https:\/\/www.zina-shop.com\/index.php\/wp-json\/wp\/v2\/types\/product"}],"replies":[{"embeddable":true,"href":"https:\/\/www.zina-shop.com\/index.php\/wp-json\/wp\/v2\/comments?post=2384"}],"wp:featuredmedia":[{"embeddable":true,"href":"https:\/\/www.zina-shop.com\/index.php\/wp-json\/wp\/v2\/media\/2385"}],"wp:attachment":[{"href":"https:\/\/www.zina-shop.com\/index.php\/wp-json\/wp\/v2\/media?parent=2384"}],"wp:term":[{"taxonomy":"product_cat","embeddable":true,"href":"https:\/\/www.zina-shop.com\/index.php\/wp-json\/wp\/v2\/product_cat?post=2384"},{"taxonomy":"product_tag","embeddable":true,"href":"https:\/\/www.zina-shop.com\/index.php\/wp-json\/wp\/v2\/product_tag?post=2384"}],"curies":[{"name":"wp","href":"https:\/\/api.w.org\/{rel}","templated":true}]}}