{"id":2291,"date":"2020-02-14T15:36:33","date_gmt":"2020-02-14T14:36:33","guid":{"rendered":"http:\/\/www.zina-shop.com\/?post_type=product&#038;p=2291"},"modified":"2020-07-22T15:02:31","modified_gmt":"2020-07-22T13:02:31","slug":"aiguille-de-decoupe","status":"publish","type":"product","link":"https:\/\/www.zina-shop.com\/index.php\/produit\/aiguille-de-decoupe\/","title":{"rendered":"Aiguille de d\u00e9coupe"},"content":{"rendered":"<p>Aiguille de d\u00e9coupe<\/p>\n","protected":false},"excerpt":{"rendered":"<p><strong>Aiguille\u00a0de\u00a0d\u00e9coupe<\/strong><\/p>\n<p><em><span style=\"color: #800080\u037e;\">Vendu\u00a0\u00e0\u00a0l&rsquo;unit\u00e9<\/span><\/em><\/p>\n<p>Outil tr\u00e8s utile pour la d\u00e9coupe de la p\u00e2te de m\u00e9tal avec les gabarits de d\u00e9coupe<\/p>\n","protected":false},"featured_media":2292,"comment_status":"open","ping_status":"closed","template":"","meta":{"sfsi_plus_gutenberg_text_before_share":"","sfsi_plus_gutenberg_show_text_before_share":"","sfsi_plus_gutenberg_icon_type":"","sfsi_plus_gutenberg_icon_alignemt":"","sfsi_plus_gutenburg_max_per_row":""},"product_cat":[33],"product_tag":[],"class_list":["post-2291","product","type-product","status-publish","has-post-thumbnail","hentry","product_cat-gabarits-decoupe"],"jetpack_sharing_enabled":true,"_links":{"self":[{"href":"https:\/\/www.zina-shop.com\/index.php\/wp-json\/wp\/v2\/product\/2291","targetHints":{"allow":["GET"]}}],"collection":[{"href":"https:\/\/www.zina-shop.com\/index.php\/wp-json\/wp\/v2\/product"}],"about":[{"href":"https:\/\/www.zina-shop.com\/index.php\/wp-json\/wp\/v2\/types\/product"}],"replies":[{"embeddable":true,"href":"https:\/\/www.zina-shop.com\/index.php\/wp-json\/wp\/v2\/comments?post=2291"}],"wp:featuredmedia":[{"embeddable":true,"href":"https:\/\/www.zina-shop.com\/index.php\/wp-json\/wp\/v2\/media\/2292"}],"wp:attachment":[{"href":"https:\/\/www.zina-shop.com\/index.php\/wp-json\/wp\/v2\/media?parent=2291"}],"wp:term":[{"taxonomy":"product_cat","embeddable":true,"href":"https:\/\/www.zina-shop.com\/index.php\/wp-json\/wp\/v2\/product_cat?post=2291"},{"taxonomy":"product_tag","embeddable":true,"href":"https:\/\/www.zina-shop.com\/index.php\/wp-json\/wp\/v2\/product_tag?post=2291"}],"curies":[{"name":"wp","href":"https:\/\/api.w.org\/{rel}","templated":true}]}}