{"id":2263,"date":"2020-02-14T11:17:21","date_gmt":"2020-02-14T10:17:21","guid":{"rendered":"http:\/\/www.zina-shop.com\/?post_type=product&#038;p=2263"},"modified":"2022-02-08T08:46:16","modified_gmt":"2022-02-08T07:46:16","slug":"reglette-cadre-epaisseur-2mm","status":"publish","type":"product","link":"https:\/\/www.zina-shop.com\/index.php\/produit\/reglette-cadre-epaisseur-2mm\/","title":{"rendered":"Reglette cadre epaisseur 2mm"},"content":{"rendered":"<p>Reglette cadre epaisseur 2mm<\/p>\n","protected":false},"excerpt":{"rendered":"<p><strong>Reglette\u00a0cadre\u00a0epaisseur<\/strong><\/p>\n<p>2mm \u00ad 8 cartes<\/p>\n<p>Dimensions:\u00a010x15cm<\/p>\n<p><em><span style=\"color: #800080\u037e;\">Vendu\u00a0\u00e0\u00a0l&rsquo;unit\u00e9<\/span><\/em><\/p>\n<p>Cet outil vous permettra d&rsquo;\u00e9taler votre p\u00e2te de fa\u00e7on r\u00e9guli\u00e8re \u00e0 l&rsquo;epaisseur souhait\u00e9.<\/p>\n<p>A utiliser avec les plaques de texture, permet une impression parfaitement r\u00e9guli\u00e8re<\/p>\n<p>les reglettes peuvent \u00eatre supperpos\u00e9es.<\/p>\n<p><span style=\"color: #669900\u037e;\">Existe\u00a05\u00a0\u00e9paisseurs:<\/span><\/p>\n<p><span style=\"color: #669900\u037e;\">1mm\u00a0\u00ad\u00a04\u00a0cartes<br \/>\n<\/span><\/p>\n<p><span style=\"color: #669900\u037e;\">1.25mm\u00a0\u00ad5\u00a0carres<br \/>\n<\/span><\/p>\n<p><span style=\"color: #669900\u037e;\">1.50mm\u00a0\u00ad\u00a06\u00a0cartes<br \/>\n<\/span><\/p>\n<p><span style=\"color: #669900\u037e;\">1.75mm\u00a0\u00ad7\u00a0cartes<br \/>\n<\/span><\/p>\n<p><span style=\"color: #669900\u037e;\"><span style=\"color: #669900\u037e;\">2mm\u00a0\u00ad\u00a08\u00a0cartes<\/span><br \/>\n<\/span><\/p>\n","protected":false},"featured_media":2262,"comment_status":"open","ping_status":"closed","template":"","meta":{"sfsi_plus_gutenberg_text_before_share":"","sfsi_plus_gutenberg_show_text_before_share":"","sfsi_plus_gutenberg_icon_type":"","sfsi_plus_gutenberg_icon_alignemt":"","sfsi_plus_gutenburg_max_per_row":""},"product_cat":[33],"product_tag":[],"class_list":["post-2263","product","type-product","status-publish","has-post-thumbnail","hentry","product_cat-gabarits-decoupe"],"jetpack_sharing_enabled":true,"_links":{"self":[{"href":"https:\/\/www.zina-shop.com\/index.php\/wp-json\/wp\/v2\/product\/2263","targetHints":{"allow":["GET"]}}],"collection":[{"href":"https:\/\/www.zina-shop.com\/index.php\/wp-json\/wp\/v2\/product"}],"about":[{"href":"https:\/\/www.zina-shop.com\/index.php\/wp-json\/wp\/v2\/types\/product"}],"replies":[{"embeddable":true,"href":"https:\/\/www.zina-shop.com\/index.php\/wp-json\/wp\/v2\/comments?post=2263"}],"wp:featuredmedia":[{"embeddable":true,"href":"https:\/\/www.zina-shop.com\/index.php\/wp-json\/wp\/v2\/media\/2262"}],"wp:attachment":[{"href":"https:\/\/www.zina-shop.com\/index.php\/wp-json\/wp\/v2\/media?parent=2263"}],"wp:term":[{"taxonomy":"product_cat","embeddable":true,"href":"https:\/\/www.zina-shop.com\/index.php\/wp-json\/wp\/v2\/product_cat?post=2263"},{"taxonomy":"product_tag","embeddable":true,"href":"https:\/\/www.zina-shop.com\/index.php\/wp-json\/wp\/v2\/product_tag?post=2263"}],"curies":[{"name":"wp","href":"https:\/\/api.w.org\/{rel}","templated":true}]}}