{"id":2259,"date":"2020-02-14T11:12:56","date_gmt":"2020-02-14T10:12:56","guid":{"rendered":"http:\/\/www.zina-shop.com\/?post_type=product&#038;p=2259"},"modified":"2020-07-22T15:02:31","modified_gmt":"2020-07-22T13:02:31","slug":"set-de-2-matrices-ronds-et-ovales","status":"publish","type":"product","link":"https:\/\/www.zina-shop.com\/index.php\/produit\/set-de-2-matrices-ronds-et-ovales\/","title":{"rendered":"Set de 2 matrices ronds et ovales"},"content":{"rendered":"<p>Set de 2 matrices ronds et ovales<\/p>\n","protected":false},"excerpt":{"rendered":"<p><strong>Set\u00a0de\u00a02\u00a0matrices\u00a0ronds\u00a0et\u00a0ovales<\/strong><\/p>\n<p>36\u00a0ronds\u00a0de\u00a0\u00a01mm\u00a0\u00e0\u00a036mm<\/p>\n<p>27\u00a0ovales\u00a0de\u00a02mm\u00a0\u00e0\u00a050mm.<\/p>\n<p>Id\u00e9al pour d\u00e9couper des formes parfaites de p\u00e2te de m\u00e9tal ou de polym\u00e8re<\/p>\n<p><em>Vendu \u00e0 l&rsquo;unit\u00e9<\/em><\/p>\n","protected":false},"featured_media":2260,"comment_status":"open","ping_status":"closed","template":"","meta":{"sfsi_plus_gutenberg_text_before_share":"","sfsi_plus_gutenberg_show_text_before_share":"","sfsi_plus_gutenberg_icon_type":"","sfsi_plus_gutenberg_icon_alignemt":"","sfsi_plus_gutenburg_max_per_row":""},"product_cat":[33],"product_tag":[],"class_list":["post-2259","product","type-product","status-publish","has-post-thumbnail","hentry","product_cat-gabarits-decoupe"],"jetpack_sharing_enabled":true,"_links":{"self":[{"href":"https:\/\/www.zina-shop.com\/index.php\/wp-json\/wp\/v2\/product\/2259","targetHints":{"allow":["GET"]}}],"collection":[{"href":"https:\/\/www.zina-shop.com\/index.php\/wp-json\/wp\/v2\/product"}],"about":[{"href":"https:\/\/www.zina-shop.com\/index.php\/wp-json\/wp\/v2\/types\/product"}],"replies":[{"embeddable":true,"href":"https:\/\/www.zina-shop.com\/index.php\/wp-json\/wp\/v2\/comments?post=2259"}],"wp:featuredmedia":[{"embeddable":true,"href":"https:\/\/www.zina-shop.com\/index.php\/wp-json\/wp\/v2\/media\/2260"}],"wp:attachment":[{"href":"https:\/\/www.zina-shop.com\/index.php\/wp-json\/wp\/v2\/media?parent=2259"}],"wp:term":[{"taxonomy":"product_cat","embeddable":true,"href":"https:\/\/www.zina-shop.com\/index.php\/wp-json\/wp\/v2\/product_cat?post=2259"},{"taxonomy":"product_tag","embeddable":true,"href":"https:\/\/www.zina-shop.com\/index.php\/wp-json\/wp\/v2\/product_tag?post=2259"}],"curies":[{"name":"wp","href":"https:\/\/api.w.org\/{rel}","templated":true}]}}