{"id":2252,"date":"2020-02-14T10:58:35","date_gmt":"2020-02-14T09:58:35","guid":{"rendered":"http:\/\/www.zina-shop.com\/?post_type=product&#038;p=2252"},"modified":"2024-12-05T10:13:12","modified_gmt":"2024-12-05T09:13:12","slug":"garabit-de-decoupe-toggle-t-bar-2068","status":"publish","type":"product","link":"https:\/\/www.zina-shop.com\/index.php\/produit\/garabit-de-decoupe-toggle-t-bar-2068\/","title":{"rendered":"Garabit de d\u00e9coupe Toggle T-Bar 2068"},"content":{"rendered":"<p>Garabit de d\u00e9coupe Toggle T-Bar 2068<\/p>\n","protected":false},"excerpt":{"rendered":"<p><strong>Gabarit Toggle T-Bar<br \/>\n<\/strong><\/p>\n<p>Ref:\u00a02068<\/p>\n<p>6\u00a0formes\u00a0de\u00a0toggles\u00a0originales<\/p>\n<p><em><span style=\"color: #800080\u037e;\">Vendu\u00a0\u00e0\u00a0l&rsquo;unit\u00e9<\/span><\/em><\/p>\n<p>Voici un outil tr\u00e8s utile pour cr\u00e9er vos propres toggle \u00ad fermoirs Tbar pour vos cr\u00e9ations en m\u00e9tal mais \u00e9galement en polym\u00e8re.<\/p>\n<p>Tr\u00e8s\u00a0facile\u00a0d&rsquo;utilisation,\u00a0divers\u00a0tailles\u00a0et\u00a0formes<\/p>\n","protected":false},"featured_media":2253,"comment_status":"open","ping_status":"closed","template":"","meta":{"sfsi_plus_gutenberg_text_before_share":"","sfsi_plus_gutenberg_show_text_before_share":"","sfsi_plus_gutenberg_icon_type":"","sfsi_plus_gutenberg_icon_alignemt":"","sfsi_plus_gutenburg_max_per_row":""},"product_cat":[33],"product_tag":[],"class_list":["post-2252","product","type-product","status-publish","has-post-thumbnail","hentry","product_cat-gabarits-decoupe"],"jetpack_sharing_enabled":true,"_links":{"self":[{"href":"https:\/\/www.zina-shop.com\/index.php\/wp-json\/wp\/v2\/product\/2252","targetHints":{"allow":["GET"]}}],"collection":[{"href":"https:\/\/www.zina-shop.com\/index.php\/wp-json\/wp\/v2\/product"}],"about":[{"href":"https:\/\/www.zina-shop.com\/index.php\/wp-json\/wp\/v2\/types\/product"}],"replies":[{"embeddable":true,"href":"https:\/\/www.zina-shop.com\/index.php\/wp-json\/wp\/v2\/comments?post=2252"}],"wp:featuredmedia":[{"embeddable":true,"href":"https:\/\/www.zina-shop.com\/index.php\/wp-json\/wp\/v2\/media\/2253"}],"wp:attachment":[{"href":"https:\/\/www.zina-shop.com\/index.php\/wp-json\/wp\/v2\/media?parent=2252"}],"wp:term":[{"taxonomy":"product_cat","embeddable":true,"href":"https:\/\/www.zina-shop.com\/index.php\/wp-json\/wp\/v2\/product_cat?post=2252"},{"taxonomy":"product_tag","embeddable":true,"href":"https:\/\/www.zina-shop.com\/index.php\/wp-json\/wp\/v2\/product_tag?post=2252"}],"curies":[{"name":"wp","href":"https:\/\/api.w.org\/{rel}","templated":true}]}}