{"id":2250,"date":"2020-02-14T10:52:04","date_gmt":"2020-02-14T09:52:04","guid":{"rendered":"http:\/\/www.zina-shop.com\/?post_type=product&#038;p=2250"},"modified":"2022-06-02T14:55:11","modified_gmt":"2022-06-02T12:55:11","slug":"garabit-de-decoupe-belieres-2052","status":"publish","type":"product","link":"https:\/\/www.zina-shop.com\/index.php\/produit\/garabit-de-decoupe-belieres-2052\/","title":{"rendered":"Garabit de d\u00e9coupe b\u00e9li\u00e8res 2052"},"content":{"rendered":"<p>Garabit de d\u00e9coupe b\u00e9li\u00e8res 2052<\/p>\n","protected":false},"excerpt":{"rendered":"<p><strong>Gabarit\u00a0B\u00e9li\u00e8res<\/strong><\/p>\n<p>Ref:\u00a02052<\/p>\n<p>8\u00a0formes\u00a0de\u00a0b\u00e9li\u00e8res\u00a0originales<\/p>\n<p><em><span style=\"color: #800080\u037e;\">Vendu\u00a0\u00e0\u00a0l&rsquo;unit\u00e9<\/span><\/em><\/p>\n<p>Voici\u00a0un\u00a0outil\u00a0tr\u00e8s\u00a0utile\u00a0pour\u00a0cr\u00e9er\u00a0de\u00a0magnifiques\u00a0b\u00e9li\u00e8res\u00a0pour\u00a0vos<br \/>\ncr\u00e9ations\u00a0en\u00a0m\u00e9tal\u00a0mais\u00a0\u00e9galement\u00a0en\u00a0polym\u00e8re.<\/p>\n<p>Tr\u00e8s\u00a0facile\u00a0d&rsquo;utilisation,\u00a0divers\u00a0tailles\u00a0et\u00a0formes<\/p>\n","protected":false},"featured_media":2251,"comment_status":"open","ping_status":"closed","template":"","meta":{"sfsi_plus_gutenberg_text_before_share":"","sfsi_plus_gutenberg_show_text_before_share":"","sfsi_plus_gutenberg_icon_type":"","sfsi_plus_gutenberg_icon_alignemt":"","sfsi_plus_gutenburg_max_per_row":""},"product_cat":[33],"product_tag":[],"class_list":["post-2250","product","type-product","status-publish","has-post-thumbnail","hentry","product_cat-gabarits-decoupe"],"jetpack_sharing_enabled":true,"_links":{"self":[{"href":"https:\/\/www.zina-shop.com\/index.php\/wp-json\/wp\/v2\/product\/2250","targetHints":{"allow":["GET"]}}],"collection":[{"href":"https:\/\/www.zina-shop.com\/index.php\/wp-json\/wp\/v2\/product"}],"about":[{"href":"https:\/\/www.zina-shop.com\/index.php\/wp-json\/wp\/v2\/types\/product"}],"replies":[{"embeddable":true,"href":"https:\/\/www.zina-shop.com\/index.php\/wp-json\/wp\/v2\/comments?post=2250"}],"wp:featuredmedia":[{"embeddable":true,"href":"https:\/\/www.zina-shop.com\/index.php\/wp-json\/wp\/v2\/media\/2251"}],"wp:attachment":[{"href":"https:\/\/www.zina-shop.com\/index.php\/wp-json\/wp\/v2\/media?parent=2250"}],"wp:term":[{"taxonomy":"product_cat","embeddable":true,"href":"https:\/\/www.zina-shop.com\/index.php\/wp-json\/wp\/v2\/product_cat?post=2250"},{"taxonomy":"product_tag","embeddable":true,"href":"https:\/\/www.zina-shop.com\/index.php\/wp-json\/wp\/v2\/product_tag?post=2250"}],"curies":[{"name":"wp","href":"https:\/\/api.w.org\/{rel}","templated":true}]}}