{"id":2198,"date":"2020-02-12T16:19:19","date_gmt":"2020-02-12T15:19:19","guid":{"rendered":"http:\/\/www.zina-shop.com\/?post_type=product&#038;p=2198"},"modified":"2020-06-24T23:11:22","modified_gmt":"2020-06-24T21:11:22","slug":"doigts-de-protection-en-tissu","status":"publish","type":"product","link":"https:\/\/www.zina-shop.com\/index.php\/produit\/doigts-de-protection-en-tissu\/","title":{"rendered":"Doigts de protection en tissu"},"content":{"rendered":"<p>Doigts de protection en tissu<\/p>\n","protected":false},"excerpt":{"rendered":"<p><strong>Doigts\u00a0de\u00a0protection\u00a0en\u00a0tissu<\/strong><\/p>\n<p>Lavable<\/p>\n<p>Permet de r\u00e9duire la senstion de chaleur d\u00e9gag\u00e9e par les objets lors du polissage<\/p>\n<p><span style=\"color: #800080\u037e;\"><em>Vendu\u00a0\u00e0\u00a0la\u00a0paire<\/em><br \/>\n<\/span><\/p>\n","protected":false},"featured_media":2199,"comment_status":"open","ping_status":"closed","template":"","meta":{"sfsi_plus_gutenberg_text_before_share":"","sfsi_plus_gutenberg_show_text_before_share":"","sfsi_plus_gutenberg_icon_type":"","sfsi_plus_gutenberg_icon_alignemt":"","sfsi_plus_gutenburg_max_per_row":""},"product_cat":[31],"product_tag":[],"class_list":["post-2198","product","type-product","status-publish","has-post-thumbnail","hentry","product_cat-polissage"],"jetpack_sharing_enabled":true,"_links":{"self":[{"href":"https:\/\/www.zina-shop.com\/index.php\/wp-json\/wp\/v2\/product\/2198","targetHints":{"allow":["GET"]}}],"collection":[{"href":"https:\/\/www.zina-shop.com\/index.php\/wp-json\/wp\/v2\/product"}],"about":[{"href":"https:\/\/www.zina-shop.com\/index.php\/wp-json\/wp\/v2\/types\/product"}],"replies":[{"embeddable":true,"href":"https:\/\/www.zina-shop.com\/index.php\/wp-json\/wp\/v2\/comments?post=2198"}],"wp:featuredmedia":[{"embeddable":true,"href":"https:\/\/www.zina-shop.com\/index.php\/wp-json\/wp\/v2\/media\/2199"}],"wp:attachment":[{"href":"https:\/\/www.zina-shop.com\/index.php\/wp-json\/wp\/v2\/media?parent=2198"}],"wp:term":[{"taxonomy":"product_cat","embeddable":true,"href":"https:\/\/www.zina-shop.com\/index.php\/wp-json\/wp\/v2\/product_cat?post=2198"},{"taxonomy":"product_tag","embeddable":true,"href":"https:\/\/www.zina-shop.com\/index.php\/wp-json\/wp\/v2\/product_tag?post=2198"}],"curies":[{"name":"wp","href":"https:\/\/api.w.org\/{rel}","templated":true}]}}