{"id":2194,"date":"2020-02-12T16:00:13","date_gmt":"2020-02-12T15:00:13","guid":{"rendered":"http:\/\/www.zina-shop.com\/?post_type=product&#038;p=2194"},"modified":"2025-05-10T09:05:13","modified_gmt":"2025-05-10T07:05:13","slug":"pate-a-polir-rouge-tout-metaux","status":"publish","type":"product","link":"https:\/\/www.zina-shop.com\/index.php\/produit\/pate-a-polir-rouge-tout-metaux\/","title":{"rendered":"P\u00e2te \u00e0 polir rouge tout m\u00e9taux"},"content":{"rendered":"<p>P\u00e2te \u00e0 polir rouge tout m\u00e9taux<\/p>\n","protected":false},"excerpt":{"rendered":"<p><strong>P\u00e2te\u00a0\u00e0\u00a0polir\u00a0rouge<\/strong><\/p>\n<p>Pain de 110g environ \u00ad dimensions: 4cm x 3.5<\/p>\n<p>A\u00a0utiliser\u00a0avec\u00a0la\u00a0brosse\u00a0en\u00a0tissu<\/p>\n<p>Pemet d&rsquo;obtenir un fini extr\u00e8mement brillant pour vos pi\u00e8ces en m\u00e9tal \u00ad<br \/>\nPour tous m\u00e9taux<\/p>\n<p><em><span style=\"color: #800080\u037e;\">Vendu\u00a0\u00e0\u00a0l&rsquo;unit\u00e9<\/span><\/em><\/p>\n","protected":false},"featured_media":2191,"comment_status":"open","ping_status":"closed","template":"","meta":{"sfsi_plus_gutenberg_text_before_share":"","sfsi_plus_gutenberg_show_text_before_share":"","sfsi_plus_gutenberg_icon_type":"","sfsi_plus_gutenberg_icon_alignemt":"","sfsi_plus_gutenburg_max_per_row":""},"product_cat":[31],"product_tag":[],"class_list":["post-2194","product","type-product","status-publish","has-post-thumbnail","hentry","product_cat-polissage"],"jetpack_sharing_enabled":true,"_links":{"self":[{"href":"https:\/\/www.zina-shop.com\/index.php\/wp-json\/wp\/v2\/product\/2194","targetHints":{"allow":["GET"]}}],"collection":[{"href":"https:\/\/www.zina-shop.com\/index.php\/wp-json\/wp\/v2\/product"}],"about":[{"href":"https:\/\/www.zina-shop.com\/index.php\/wp-json\/wp\/v2\/types\/product"}],"replies":[{"embeddable":true,"href":"https:\/\/www.zina-shop.com\/index.php\/wp-json\/wp\/v2\/comments?post=2194"}],"wp:featuredmedia":[{"embeddable":true,"href":"https:\/\/www.zina-shop.com\/index.php\/wp-json\/wp\/v2\/media\/2191"}],"wp:attachment":[{"href":"https:\/\/www.zina-shop.com\/index.php\/wp-json\/wp\/v2\/media?parent=2194"}],"wp:term":[{"taxonomy":"product_cat","embeddable":true,"href":"https:\/\/www.zina-shop.com\/index.php\/wp-json\/wp\/v2\/product_cat?post=2194"},{"taxonomy":"product_tag","embeddable":true,"href":"https:\/\/www.zina-shop.com\/index.php\/wp-json\/wp\/v2\/product_tag?post=2194"}],"curies":[{"name":"wp","href":"https:\/\/api.w.org\/{rel}","templated":true}]}}