{"id":2190,"date":"2020-02-12T15:49:39","date_gmt":"2020-02-12T14:49:39","guid":{"rendered":"http:\/\/www.zina-shop.com\/?post_type=product&#038;p=2190"},"modified":"2020-10-19T18:36:54","modified_gmt":"2020-10-19T16:36:54","slug":"wenol-pate-a-polir","status":"publish","type":"product","link":"https:\/\/www.zina-shop.com\/index.php\/produit\/wenol-pate-a-polir\/","title":{"rendered":"Wenol p\u00e2te \u00e0 polir"},"content":{"rendered":"<p>Wenol p\u00e2te \u00e0 polir<\/p>\n","protected":false},"excerpt":{"rendered":"<p><strong>Wenol\u00a0\u00ad\u00a0P\u00e2te\u00a0\u00e0\u00a0polir<\/strong><\/p>\n<p>Tube\u00a0de\u00a0100g<\/p>\n<p>A\u00a0utiliser\u00a0avec\u00a0un\u00a0chiffon\u00a0doux<\/p>\n<p>Pemet d&rsquo;obtenir un fini extr\u00e8mement brillant et durable pour vos pi\u00e8ces en m\u00e9tal \u00ad pour tous m\u00e9taux<\/p>\n<p><em><span style=\"color: #800080\u037e;\">Vendu\u00a0\u00e0\u00a0l&rsquo;unit\u00e9<\/span><\/em><\/p>\n","protected":false},"featured_media":2192,"comment_status":"open","ping_status":"closed","template":"","meta":{"sfsi_plus_gutenberg_text_before_share":"","sfsi_plus_gutenberg_show_text_before_share":"","sfsi_plus_gutenberg_icon_type":"","sfsi_plus_gutenberg_icon_alignemt":"","sfsi_plus_gutenburg_max_per_row":""},"product_cat":[31],"product_tag":[],"class_list":["post-2190","product","type-product","status-publish","has-post-thumbnail","hentry","product_cat-polissage"],"jetpack_sharing_enabled":true,"_links":{"self":[{"href":"https:\/\/www.zina-shop.com\/index.php\/wp-json\/wp\/v2\/product\/2190","targetHints":{"allow":["GET"]}}],"collection":[{"href":"https:\/\/www.zina-shop.com\/index.php\/wp-json\/wp\/v2\/product"}],"about":[{"href":"https:\/\/www.zina-shop.com\/index.php\/wp-json\/wp\/v2\/types\/product"}],"replies":[{"embeddable":true,"href":"https:\/\/www.zina-shop.com\/index.php\/wp-json\/wp\/v2\/comments?post=2190"}],"wp:featuredmedia":[{"embeddable":true,"href":"https:\/\/www.zina-shop.com\/index.php\/wp-json\/wp\/v2\/media\/2192"}],"wp:attachment":[{"href":"https:\/\/www.zina-shop.com\/index.php\/wp-json\/wp\/v2\/media?parent=2190"}],"wp:term":[{"taxonomy":"product_cat","embeddable":true,"href":"https:\/\/www.zina-shop.com\/index.php\/wp-json\/wp\/v2\/product_cat?post=2190"},{"taxonomy":"product_tag","embeddable":true,"href":"https:\/\/www.zina-shop.com\/index.php\/wp-json\/wp\/v2\/product_tag?post=2190"}],"curies":[{"name":"wp","href":"https:\/\/api.w.org\/{rel}","templated":true}]}}